{"id":37989,"date":"2020-10-15T11:43:02","date_gmt":"2020-10-15T09:43:02","guid":{"rendered":"https:\/\/ticinoweb01.jcloud.ik-server.com\/cndestetik\/prodotto\/intensiv-feuchtigkeitsspendende-anti-ageing-creme\/"},"modified":"2025-01-24T08:26:41","modified_gmt":"2025-01-24T07:26:41","slug":"creme-anti-alter-intensiv-hydratisierung","status":"publish","type":"product","link":"https:\/\/cndestetik.ch\/de\/prodotto\/creme-anti-alter-intensiv-hydratisierung\/","title":{"rendered":"Intensiv feuchtigkeitsspendende Anti-Ageing-Creme"},"content":{"rendered":"<p><span data-sheets-value=\"{\"1\":2,\"2\":\"Contiene Acido Ialuronico ed Estratto Spagirico di Calendula. Ottima azione emolliente e lenitiva della Calendula, dedicata a tutte le pelli, anche giovani e delicate. Ha una texture pi\u00f9 leggera e di pi\u00f9 facile assorbimento, ma altamente idratante.\"}\" data-sheets-userformat=\"{\"2\":15297,\"3\":{\"1\":0},\"9\":0,\"10\":2,\"11\":0,\"12\":0,\"14\":{\"1\":2,\"2\":0},\"15\":\"Calibri\",\"16\":11}\">Enth\u00e4lt Hyalurons\u00e4ure und spagyrischen Ringelblumenextrakt. Ausgezeichnete lindernde und beruhigende Calendula-Wirkung f\u00fcr alle Hauttypen, auch f\u00fcr junge und empfindliche Haut. Sie hat eine leichtere Textur und zieht leichter ein, ist aber dennoch sehr feuchtigkeitsspendend.<\/span><\/p>\n<p>Gr\u00f6\u00dfe: 50ml<\/p>\n","protected":false},"excerpt":{"rendered":"<p>Intensiv feuchtigkeitsspendende Anti-Ageing-Creme, die f\u00fcr alle Hauttypen geeignet ist, auch f\u00fcr junge und empfindliche Haut.<\/p>\n","protected":false},"featured_media":37446,"template":"","meta":{"_acf_changed":false},"product_brand":[],"product_cat":[12988,1495,12980],"product_tag":[4174,4176,3714,3836,4104,4175,8378,447,434],"class_list":{"0":"post-37989","1":"product","2":"type-product","3":"status-publish","4":"has-post-thumbnail","6":"product_cat-gesicht","7":"product_cat-kosmetik","8":"product_cat-mikrokosmos","9":"product_tag-alter","10":"product_tag-anti-aging-de-2","11":"product_tag-anti-aging-de","12":"product_tag-creme-de","13":"product_tag-flussigkeitszufuhr","14":"product_tag-gegen","15":"product_tag-intensiv","16":"product_tag-ringelblume","17":"product_tag-spagyrik","19":"first","20":"instock","21":"taxable","22":"shipping-taxable","23":"purchasable","24":"product-type-simple"},"acf":[],"jetpack_sharing_enabled":true,"_links":{"self":[{"href":"https:\/\/cndestetik.ch\/de\/wp-json\/wp\/v2\/product\/37989","targetHints":{"allow":["GET"]}}],"collection":[{"href":"https:\/\/cndestetik.ch\/de\/wp-json\/wp\/v2\/product"}],"about":[{"href":"https:\/\/cndestetik.ch\/de\/wp-json\/wp\/v2\/types\/product"}],"wp:featuredmedia":[{"embeddable":true,"href":"https:\/\/cndestetik.ch\/de\/wp-json\/wp\/v2\/media\/37446"}],"wp:attachment":[{"href":"https:\/\/cndestetik.ch\/de\/wp-json\/wp\/v2\/media?parent=37989"}],"wp:term":[{"taxonomy":"product_brand","embeddable":true,"href":"https:\/\/cndestetik.ch\/de\/wp-json\/wp\/v2\/product_brand?post=37989"},{"taxonomy":"product_cat","embeddable":true,"href":"https:\/\/cndestetik.ch\/de\/wp-json\/wp\/v2\/product_cat?post=37989"},{"taxonomy":"product_tag","embeddable":true,"href":"https:\/\/cndestetik.ch\/de\/wp-json\/wp\/v2\/product_tag?post=37989"}],"curies":[{"name":"wp","href":"https:\/\/api.w.org\/{rel}","templated":true}]}}