{"id":37983,"date":"2020-10-15T11:42:30","date_gmt":"2020-10-15T09:42:30","guid":{"rendered":"https:\/\/ticinoweb01.jcloud.ik-server.com\/cndestetik\/prodotto\/fluessiger-mandelreiniger\/"},"modified":"2023-04-19T09:23:44","modified_gmt":"2023-04-19T07:23:44","slug":"mandelreiniger-flussig","status":"publish","type":"product","link":"https:\/\/cndestetik.ch\/de\/prodotto\/mandelreiniger-flussig\/","title":{"rendered":"Fl\u00fcssiges Mandelwaschmittel &#8211; Waschbasis"},"content":{"rendered":"<p>Sanftes Reinigungsmittel, das f\u00fcr die ganze Familie geeignet ist. Es hat eine stark belebende Wirkung, reinigt gr\u00fcndlich und hinterl\u00e4sst eine weiche Haut mit einem angenehmen Mandelduft. Auch f\u00fcr empfindliche Haut geeignet.<\/p>\n<p>Angereichert mit spagyrischen Extrakten aus Calendula und Malve, ist es f\u00fcr Gesicht, K\u00f6rper und Haare geeignet. Wir empfehlen, es verd\u00fcnnt zu verwenden!<\/p>\n","protected":false},"excerpt":{"rendered":"<p>Almond Fl\u00fcssigwaschmittel, erh\u00e4ltlich in zwei verschiedenen Formaten<\/p>\n","protected":false},"featured_media":37474,"template":"","meta":{"_acf_changed":false},"product_brand":[],"product_cat":[1924],"product_tag":[4645,547,578,447,4637],"class_list":{"0":"post-37983","1":"product","2":"type-product","3":"status-publish","4":"has-post-thumbnail","6":"product_cat-ermittlung","7":"product_tag-flussig","8":"product_tag-malve","9":"product_tag-mandelbaum","10":"product_tag-ringelblume","11":"product_tag-waschmittel","12":"pa_formato-1000ml-de","13":"pa_formato-300ml-de","15":"first","16":"instock","17":"taxable","18":"shipping-taxable","19":"purchasable","20":"product-type-variable"},"acf":[],"jetpack_sharing_enabled":true,"_links":{"self":[{"href":"https:\/\/cndestetik.ch\/de\/wp-json\/wp\/v2\/product\/37983","targetHints":{"allow":["GET"]}}],"collection":[{"href":"https:\/\/cndestetik.ch\/de\/wp-json\/wp\/v2\/product"}],"about":[{"href":"https:\/\/cndestetik.ch\/de\/wp-json\/wp\/v2\/types\/product"}],"wp:featuredmedia":[{"embeddable":true,"href":"https:\/\/cndestetik.ch\/de\/wp-json\/wp\/v2\/media\/37474"}],"wp:attachment":[{"href":"https:\/\/cndestetik.ch\/de\/wp-json\/wp\/v2\/media?parent=37983"}],"wp:term":[{"taxonomy":"product_brand","embeddable":true,"href":"https:\/\/cndestetik.ch\/de\/wp-json\/wp\/v2\/product_brand?post=37983"},{"taxonomy":"product_cat","embeddable":true,"href":"https:\/\/cndestetik.ch\/de\/wp-json\/wp\/v2\/product_cat?post=37983"},{"taxonomy":"product_tag","embeddable":true,"href":"https:\/\/cndestetik.ch\/de\/wp-json\/wp\/v2\/product_tag?post=37983"}],"curies":[{"name":"wp","href":"https:\/\/api.w.org\/{rel}","templated":true}]}}