{"id":37977,"date":"2020-10-15T11:42:33","date_gmt":"2020-10-15T09:42:33","guid":{"rendered":"https:\/\/ticinoweb01.jcloud.ik-server.com\/cndestetik\/prodotto\/intim-reinigungsmittel\/"},"modified":"2022-11-15T17:02:06","modified_gmt":"2022-11-15T16:02:06","slug":"intimwaschmittel","status":"publish","type":"product","link":"https:\/\/cndestetik.ch\/de\/prodotto\/intimwaschmittel\/","title":{"rendered":"Intim-Reinigungsmittel"},"content":{"rendered":"<p><span data-sheets-value=\"{\"1\":2,\"2\":\"Dermoprotettivo, batteriostatico e lenitivo. Un ottimo alleato per l'igiene.\\n\\nPer un'igiene delicata e sicura, rispetta e aiuta a mantenere inalterato il PH fisiologico e rafforza prevenendo le difese della pelle e delle mucose.\\n\\nUn consiglio?\\nIn caso di irritazioni lasciare agire un paio di minuti e poi sciacquare.\\n\\nL'uso continuato dona leggerezza e benessere, sopratutto a chi soffre di patologie o continue battaglie batteriologiche!\"}\" data-sheets-userformat=\"{\"2\":15297,\"3\":{\"1\":0},\"9\":0,\"10\":2,\"11\":0,\"12\":0,\"14\":{\"1\":2,\"2\":0},\"15\":\"Calibri\",\"16\":11}\">Dermoprotektiv, bakteriostatisch und lindernd. Ein ausgezeichneter Verb\u00fcndeter f\u00fcr die Hygiene.<\/p>\n<p>F\u00fcr eine sanfte und sichere Hygiene respektiert es den physiologischen PH-Wert und hilft, ihn zu erhalten, und st\u00e4rkt die Abwehrkr\u00e4fte von Haut und Schleimh\u00e4uten.<\/p>\n<p>Ratschl\u00e4ge?<br \/>\nBei Reizungen einige Minuten einwirken lassen und dann absp\u00fclen.<\/p>\n<p>Die fortgesetzte Einnahme verleiht Leichtigkeit und Wohlbefinden, insbesondere bei Krankheiten oder st\u00e4ndigen bakteriellen K\u00e4mpfen!<\/span><\/p>\n<p>Gr\u00f6\u00dfe: 300ml<\/p>\n","protected":false},"excerpt":{"rendered":"<p>Mildes Reinigungsmittel f\u00fcr den Intimbereich. Es st\u00e4rkt die Abwehrkr\u00e4fte der Haut und hilft auch bei Reizungen.<\/p>\n","protected":false},"featured_media":37471,"template":"","meta":{"_acf_changed":false},"product_brand":[],"product_cat":[1924,9904],"product_tag":[569,4638,547,4640,4639,4637],"class_list":{"0":"post-37977","1":"product","2":"type-product","3":"status-publish","4":"has-post-thumbnail","6":"product_cat-ermittlung","7":"product_cat-pink-bird","8":"product_tag-beruhigend","9":"product_tag-hygiene","10":"product_tag-malve","11":"product_tag-ph-de","12":"product_tag-unterwasche","13":"product_tag-waschmittel","15":"first","16":"instock","17":"taxable","18":"shipping-taxable","19":"purchasable","20":"product-type-simple"},"acf":[],"jetpack_sharing_enabled":true,"_links":{"self":[{"href":"https:\/\/cndestetik.ch\/de\/wp-json\/wp\/v2\/product\/37977","targetHints":{"allow":["GET"]}}],"collection":[{"href":"https:\/\/cndestetik.ch\/de\/wp-json\/wp\/v2\/product"}],"about":[{"href":"https:\/\/cndestetik.ch\/de\/wp-json\/wp\/v2\/types\/product"}],"wp:featuredmedia":[{"embeddable":true,"href":"https:\/\/cndestetik.ch\/de\/wp-json\/wp\/v2\/media\/37471"}],"wp:attachment":[{"href":"https:\/\/cndestetik.ch\/de\/wp-json\/wp\/v2\/media?parent=37977"}],"wp:term":[{"taxonomy":"product_brand","embeddable":true,"href":"https:\/\/cndestetik.ch\/de\/wp-json\/wp\/v2\/product_brand?post=37977"},{"taxonomy":"product_cat","embeddable":true,"href":"https:\/\/cndestetik.ch\/de\/wp-json\/wp\/v2\/product_cat?post=37977"},{"taxonomy":"product_tag","embeddable":true,"href":"https:\/\/cndestetik.ch\/de\/wp-json\/wp\/v2\/product_tag?post=37977"}],"curies":[{"name":"wp","href":"https:\/\/api.w.org\/{rel}","templated":true}]}}