{"id":37975,"date":"2020-10-15T11:42:22","date_gmt":"2020-10-15T09:42:22","guid":{"rendered":"https:\/\/ticinoweb01.jcloud.ik-server.com\/cndestetik\/prodotto\/neutrales-aloe-gel\/"},"modified":"2025-02-07T08:48:00","modified_gmt":"2025-02-07T07:48:00","slug":"gel-aloe-neutral","status":"publish","type":"product","link":"https:\/\/cndestetik.ch\/de\/prodotto\/gel-aloe-neutral\/","title":{"rendered":"Neutrales Aloe-Gel"},"content":{"rendered":"<p><span data-sheets-value=\"{\"1\":2,\"2\":\"Concentrato di gel estratto dall'Aloe Vera, il suo uso topico \u00e8 indicato su infiammazioni, dermatiti, scottature e screpolature della pelle.\\nE' lenitivo, calmante per qualsiasi utilizzo.\\n\\nE' un ottimo veicolo per oli essenziali e altri principi attivi.\\n\\nCome utilizzarlo:\\n- impacchi: arricchiscilo di olie essenziali, oleoliti spagirici, oli vegetali, per ottenere un composto ricco. Applicalo sulla pelle e lascialo in posa qualche minuto; elimina poi i residui sciacquando;\\n- stendilo puro sulla pelle fino ad assorbimento;\\n- utilizzalo come disinfettante mani arricchendolo della MISCELA RISANAMBIENTE\\n- possono utilizzarlo tutti, bambini, anziani, donne in gravidanza, persone con gravi patologie, animali\"}\" data-sheets-userformat=\"{\"2\":15297,\"3\":{\"1\":0},\"9\":0,\"10\":2,\"11\":0,\"12\":0,\"14\":{\"1\":2,\"2\":0},\"15\":\"Calibri\",\"16\":11}\"><br \/>\nDieses konzentrierte Gel aus Aloe Vera wird bei Entz\u00fcndungen, Dermatitis, Sonnenbrand und rissiger Haut angewendet. Es wirkt beruhigend und lindernd.<\/span><\/p>\n<p>Es ist ein ausgezeichneter Tr\u00e4ger f\u00fcr \u00e4therische \u00d6le und andere Wirkstoffe.<\/p>\n<p>Anwendung: &#8211; Kompressen: reichern Sie es mit \u00e4therischen \u00d6len, spagyrischen Oleolithen und Pflanzen\u00f6len an, um eine reichhaltige Mischung zu erhalten.<\/p>\n<p> Tragen Sie es auf die Haut auf und lassen Sie es einige Minuten einwirken, dann sp\u00fclen Sie alle R\u00fcckst\u00e4nde ab; &#8211; tragen Sie es pur auf die Haut auf, bis es eingezogen ist; &#8211; verwenden Sie es als H\u00e4ndedesinfektionsmittel, indem Sie es mit der HEALTHY HAND MIXTURE anreichern &#8211; jeder kann es verwenden, Kinder, \u00e4ltere Menschen, Schwangere, Menschen mit schweren Krankheiten, Tiere <\/p>\n","protected":false},"excerpt":{"rendered":"<p>Aloe-Gel, beruhigend und feuchtigkeitsspendend. Erh\u00e4ltlich in zwei Formaten.<\/p>\n","protected":false},"featured_media":37477,"template":"","meta":{"_acf_changed":false},"product_brand":[],"product_cat":[12985,12988,1495,12980,11234,9904],"product_tag":[552,8946,1279,7963],"class_list":{"0":"post-37975","1":"product","2":"type-product","3":"status-publish","4":"has-post-thumbnail","6":"product_cat-body","7":"product_cat-gesicht","8":"product_cat-kosmetik","9":"product_cat-mikrokosmos","10":"product_cat-physiotherapie-de","11":"product_cat-pink-bird","12":"product_tag-aloe-de","13":"product_tag-aloe-vera-de","14":"product_tag-gel-de","15":"product_tag-real-de","16":"pa_formato-100ml-de","17":"pa_formato-500ml-de","19":"first","20":"instock","21":"taxable","22":"shipping-taxable","23":"purchasable","24":"product-type-variable","25":"has-default-attributes"},"acf":[],"jetpack_sharing_enabled":true,"_links":{"self":[{"href":"https:\/\/cndestetik.ch\/de\/wp-json\/wp\/v2\/product\/37975","targetHints":{"allow":["GET"]}}],"collection":[{"href":"https:\/\/cndestetik.ch\/de\/wp-json\/wp\/v2\/product"}],"about":[{"href":"https:\/\/cndestetik.ch\/de\/wp-json\/wp\/v2\/types\/product"}],"wp:featuredmedia":[{"embeddable":true,"href":"https:\/\/cndestetik.ch\/de\/wp-json\/wp\/v2\/media\/37477"}],"wp:attachment":[{"href":"https:\/\/cndestetik.ch\/de\/wp-json\/wp\/v2\/media?parent=37975"}],"wp:term":[{"taxonomy":"product_brand","embeddable":true,"href":"https:\/\/cndestetik.ch\/de\/wp-json\/wp\/v2\/product_brand?post=37975"},{"taxonomy":"product_cat","embeddable":true,"href":"https:\/\/cndestetik.ch\/de\/wp-json\/wp\/v2\/product_cat?post=37975"},{"taxonomy":"product_tag","embeddable":true,"href":"https:\/\/cndestetik.ch\/de\/wp-json\/wp\/v2\/product_tag?post=37975"}],"curies":[{"name":"wp","href":"https:\/\/api.w.org\/{rel}","templated":true}]}}