{"id":37969,"date":"2020-10-15T11:42:18","date_gmt":"2020-10-15T09:42:18","guid":{"rendered":"https:\/\/ticinoweb01.jcloud.ik-server.com\/cndestetik\/prodotto\/erfrischendes-ermuedungsgel\/"},"modified":"2025-01-23T09:39:59","modified_gmt":"2025-01-23T08:39:59","slug":"kuhlend-beruhigendes-gel","status":"publish","type":"product","link":"https:\/\/cndestetik.ch\/de\/prodotto\/kuhlend-beruhigendes-gel\/","title":{"rendered":"Erfrischendes Erm\u00fcdungsgel"},"content":{"rendered":"<p><span data-sheets-value=\"{\"1\":2,\"2\":\"Un prodotto ricchissimo di principi attivi, quali Aloe, Ippocastano e Olio Essenziale di Menta.\\nQuesta combinazione alleggerisce e sgonfia le gambe, elimina stanchezza e gonfiore, migliora la circolazione periferica, aiuta in caso di dolore articolare.\\nPreviene gli edemi donando freschezza grazie al mentolo naturale.\\n\\nCome utilizzarla?\\nDopo lo sport oppure alla sera, effettuare un lavaggio accurato del piede e massaggiare il gel dalla pianta del piede, salendo sulla caviglia fino ad arrivare al ginocchio. L'effetto sae\u00e0 immediato.\"}\" data-sheets-userformat=\"{\"2\":15297,\"3\":{\"1\":0},\"9\":0,\"10\":2,\"11\":0,\"12\":0,\"14\":{\"1\":2,\"2\":0},\"15\":\"Calibri\",\"16\":11}\"><\/p>\n<p>Ein Produkt, das reich an Wirkstoffen wie Aloe, Rosskastanie und \u00e4therischem Minz\u00f6l ist. Diese Kombination entlastet und entspannt die Beine, beseitigt M\u00fcdigkeit und Schwellungen, verbessert die periphere Durchblutung und hilft bei Gelenkschmerzen. Beugt \u00d6demen vor, indem es dank des nat\u00fcrlichen Menthols f\u00fcr Frische sorgt.<\/span><\/p>\n<p>Wie wird es verwendet?<br \/>\nNach dem Sport oder am Abend den Fu\u00df gr\u00fcndlich waschen und das Gel von der Fu\u00dfsohle \u00fcber den Kn\u00f6chel bis zum Knie einmassieren. Die Wirkung ist unmittelbar.<\/p>\n","protected":false},"excerpt":{"rendered":"<p>Stretching-Gel, erh\u00e4ltlich in zwei Formaten.<\/p>\n","protected":false},"featured_media":37480,"template":"","meta":{"_acf_changed":false},"product_brand":[],"product_cat":[12985,1495,12980,11234],"product_tag":[552,4786,1279,501,553,8936],"class_list":{"0":"post-37969","1":"product","2":"type-product","3":"status-publish","4":"has-post-thumbnail","6":"product_cat-body","7":"product_cat-kosmetik","8":"product_cat-mikrokosmos","9":"product_cat-physiotherapie-de","10":"product_tag-aloe-de","11":"product_tag-erfrischend","12":"product_tag-gel-de","13":"product_tag-minze","14":"product_tag-rosskastanie","15":"product_tag-verunsichernd","16":"pa_formato-100ml-de","17":"pa_formato-1x500ml-5x100ml-de","18":"pa_formato-500ml-de","20":"first","21":"instock","22":"taxable","23":"shipping-taxable","24":"purchasable","25":"product-type-variable"},"acf":[],"jetpack_sharing_enabled":true,"_links":{"self":[{"href":"https:\/\/cndestetik.ch\/de\/wp-json\/wp\/v2\/product\/37969","targetHints":{"allow":["GET"]}}],"collection":[{"href":"https:\/\/cndestetik.ch\/de\/wp-json\/wp\/v2\/product"}],"about":[{"href":"https:\/\/cndestetik.ch\/de\/wp-json\/wp\/v2\/types\/product"}],"wp:featuredmedia":[{"embeddable":true,"href":"https:\/\/cndestetik.ch\/de\/wp-json\/wp\/v2\/media\/37480"}],"wp:attachment":[{"href":"https:\/\/cndestetik.ch\/de\/wp-json\/wp\/v2\/media?parent=37969"}],"wp:term":[{"taxonomy":"product_brand","embeddable":true,"href":"https:\/\/cndestetik.ch\/de\/wp-json\/wp\/v2\/product_brand?post=37969"},{"taxonomy":"product_cat","embeddable":true,"href":"https:\/\/cndestetik.ch\/de\/wp-json\/wp\/v2\/product_cat?post=37969"},{"taxonomy":"product_tag","embeddable":true,"href":"https:\/\/cndestetik.ch\/de\/wp-json\/wp\/v2\/product_tag?post=37969"}],"curies":[{"name":"wp","href":"https:\/\/api.w.org\/{rel}","templated":true}]}}