{"id":37968,"date":"2020-10-15T11:42:14","date_gmt":"2020-10-15T09:42:14","guid":{"rendered":"https:\/\/ticinoweb01.jcloud.ik-server.com\/cndestetik\/prodotto\/lavendel-hydrolat\/"},"modified":"2025-01-24T08:25:22","modified_gmt":"2025-01-24T07:25:22","slug":"lavendelhydrolat","status":"publish","type":"product","link":"https:\/\/cndestetik.ch\/de\/prodotto\/lavendelhydrolat\/","title":{"rendered":"Lavendel-Hydrolat"},"content":{"rendered":"<p><span data-sheets-value=\"{\"1\":2,\"2\":\"Durante il processo di distillazione in corrente di vapore delle piante fresche, raccolte nel loro momento balsamico, si ottengono gli idrolati, impregnati di oli essenziali e di altri principi potenziati. Semplici e puri i nostri idrolati sono un'alternativa agli estratti in alcool e agli oli essenziali, ma non hanno le stesse controindicazioni, possono essere usati anche puri sulla pelle, per rinfrescare tonificare e rimuovere impurit\u00e0. Rimangono una delle vie di cura e bellezza principali, rigenerando e tonificando la nostra pelle.\\nSi utilizzano bagnando un batuffolo di cotone passandolo sulla pelle, oppure pi\u00f9 comodamente si possono utilizzare vaporizzandoli direttamente sul viso o sul corpo facendoli penetrare con dei picchiettamenti.\\nLa Lavanda \u00e8 antisettica, antinfiammatoria, decongestionante-depurativa e lenitiva. Adatta su tutti i tipi di pelle soprattutto quelle miste ed irritate. Ottimo antipuriginoso dopo le punture di insetti. Calma le scottature, utile in caso di eczema e eritema.\"}\" data-sheets-userformat=\"{\"2\":15297,\"3\":{\"1\":0},\"9\":0,\"10\":2,\"11\":0,\"12\":0,\"14\":{\"1\":2,\"2\":0},\"15\":\"Calibri\",\"16\":11}\">Bei der Wasserdampfdestillation frischer Pflanzen, die im balsamischen Moment geerntet werden, erh\u00e4lt man Hydrolate, die mit \u00e4therischen \u00d6len und anderen wirksamen Bestandteilen impr\u00e4gniert sind.  <\/span><\/p>\n<p><span data-sheets-value=\"{\"1\":2,\"2\":\"Durante il processo di distillazione in corrente di vapore delle piante fresche, raccolte nel loro momento balsamico, si ottengono gli idrolati, impregnati di oli essenziali e di altri principi potenziati. Semplici e puri i nostri idrolati sono un'alternativa agli estratti in alcool e agli oli essenziali, ma non hanno le stesse controindicazioni, possono essere usati anche puri sulla pelle, per rinfrescare tonificare e rimuovere impurit\u00e0. Rimangono una delle vie di cura e bellezza principali, rigenerando e tonificando la nostra pelle.\\nSi utilizzano bagnando un batuffolo di cotone passandolo sulla pelle, oppure pi\u00f9 comodamente si possono utilizzare vaporizzandoli direttamente sul viso o sul corpo facendoli penetrare con dei picchiettamenti.\\nLa Lavanda \u00e8 antisettica, antinfiammatoria, decongestionante-depurativa e lenitiva. Adatta su tutti i tipi di pelle soprattutto quelle miste ed irritate. Ottimo antipuriginoso dopo le punture di insetti. Calma le scottature, utile in caso di eczema e eritema.\"}\" data-sheets-userformat=\"{\"2\":15297,\"3\":{\"1\":0},\"9\":0,\"10\":2,\"11\":0,\"12\":0,\"14\":{\"1\":2,\"2\":0},\"15\":\"Calibri\",\"16\":11}\">Unsere einfachen und reinen Hydrolate sind eine Alternative zu Alkoholextrakten und \u00e4therischen \u00d6len, haben aber nicht dieselben Kontraindikationen und k\u00f6nnen auch pur auf der Haut verwendet werden, um den Tonus aufzufrischen und Unreinheiten zu entfernen.  <\/span><span data-sheets-value=\"{\"1\":2,\"2\":\"Durante il processo di distillazione in corrente di vapore delle piante fresche, raccolte nel loro momento balsamico, si ottengono gli idrolati, impregnati di oli essenziali e di altri principi potenziati. Semplici e puri i nostri idrolati sono un'alternativa agli estratti in alcool e agli oli essenziali, ma non hanno le stesse controindicazioni, possono essere usati anche puri sulla pelle, per rinfrescare tonificare e rimuovere impurit\u00e0. Rimangono una delle vie di cura e bellezza principali, rigenerando e tonificando la nostra pelle.\\nSi utilizzano bagnando un batuffolo di cotone passandolo sulla pelle, oppure pi\u00f9 comodamente si possono utilizzare vaporizzandoli direttamente sul viso o sul corpo facendoli penetrare con dei picchiettamenti.\\nLa Lavanda \u00e8 antisettica, antinfiammatoria, decongestionante-depurativa e lenitiva. Adatta su tutti i tipi di pelle soprattutto quelle miste ed irritate. Ottimo antipuriginoso dopo le punture di insetti. Calma le scottature, utile in caso di eczema e eritema.\"}\" data-sheets-userformat=\"{\"2\":15297,\"3\":{\"1\":0},\"9\":0,\"10\":2,\"11\":0,\"12\":0,\"14\":{\"1\":2,\"2\":0},\"15\":\"Calibri\",\"16\":11}\">Sie sind nach wie vor eines der wichtigsten Mittel f\u00fcr Pflege und Sch\u00f6nheit, sie regenerieren und straffen unsere Haut.<br \/>\n<\/span><\/p>\n<p><span data-sheets-value=\"{\"1\":2,\"2\":\"Durante il processo di distillazione in corrente di vapore delle piante fresche, raccolte nel loro momento balsamico, si ottengono gli idrolati, impregnati di oli essenziali e di altri principi potenziati. Semplici e puri i nostri idrolati sono un'alternativa agli estratti in alcool e agli oli essenziali, ma non hanno le stesse controindicazioni, possono essere usati anche puri sulla pelle, per rinfrescare tonificare e rimuovere impurit\u00e0. Rimangono una delle vie di cura e bellezza principali, rigenerando e tonificando la nostra pelle.\\nSi utilizzano bagnando un batuffolo di cotone passandolo sulla pelle, oppure pi\u00f9 comodamente si possono utilizzare vaporizzandoli direttamente sul viso o sul corpo facendoli penetrare con dei picchiettamenti.\\nLa Lavanda \u00e8 antisettica, antinfiammatoria, decongestionante-depurativa e lenitiva. Adatta su tutti i tipi di pelle soprattutto quelle miste ed irritate. Ottimo antipuriginoso dopo le punture di insetti. Calma le scottature, utile in caso di eczema e eritema.\"}\" data-sheets-userformat=\"{\"2\":15297,\"3\":{\"1\":0},\"9\":0,\"10\":2,\"11\":0,\"12\":0,\"14\":{\"1\":2,\"2\":0},\"15\":\"Calibri\",\"16\":11}\">Sie werden verwendet, indem man ein Wattepad befeuchtet und damit \u00fcber die Haut wischt. Noch bequemer ist es, sie direkt auf das Gesicht oder den K\u00f6rper zu spr\u00fchen und einzuklopfen.<br \/>\n<\/span><\/p>\n<p><span data-sheets-value=\"{\"1\":2,\"2\":\"Durante il processo di distillazione in corrente di vapore delle piante fresche, raccolte nel loro momento balsamico, si ottengono gli idrolati, impregnati di oli essenziali e di altri principi potenziati. Semplici e puri i nostri idrolati sono un'alternativa agli estratti in alcool e agli oli essenziali, ma non hanno le stesse controindicazioni, possono essere usati anche puri sulla pelle, per rinfrescare tonificare e rimuovere impurit\u00e0. Rimangono una delle vie di cura e bellezza principali, rigenerando e tonificando la nostra pelle.\\nSi utilizzano bagnando un batuffolo di cotone passandolo sulla pelle, oppure pi\u00f9 comodamente si possono utilizzare vaporizzandoli direttamente sul viso o sul corpo facendoli penetrare con dei picchiettamenti.\\nLa Lavanda \u00e8 antisettica, antinfiammatoria, decongestionante-depurativa e lenitiva. Adatta su tutti i tipi di pelle soprattutto quelle miste ed irritate. Ottimo antipuriginoso dopo le punture di insetti. Calma le scottature, utile in caso di eczema e eritema.\"}\" data-sheets-userformat=\"{\"2\":15297,\"3\":{\"1\":0},\"9\":0,\"10\":2,\"11\":0,\"12\":0,\"14\":{\"1\":2,\"2\":0},\"15\":\"Calibri\",\"16\":11}\">Lavendel ist antiseptisch, entz\u00fcndungshemmend, abschwellend und beruhigend. Geeignet f\u00fcr alle Hauttypen, insbesondere f\u00fcr Mischhaut und gereizte Haut. Ausgezeichnetes Mittel gegen Juckreiz nach Insektenstichen. Lindert Sonnenbrand, n\u00fctzlich bei Ekzemen und Erythemen.<\/span><\/p>\n","protected":false},"excerpt":{"rendered":"<p>Lavendelhydrolat, erh\u00e4ltlich in zwei verschiedenen Formaten: 100ml und 500ml.<\/p>\n","protected":false},"featured_media":37483,"template":"","meta":{"_acf_changed":false},"product_brand":[],"product_cat":[12985,12988,1495,12980,9904],"product_tag":[4126,4796,4797,4799,4184,515,4801,4163,4795],"class_list":{"0":"post-37968","1":"product","2":"type-product","3":"status-publish","4":"has-post-thumbnail","6":"product_cat-body","7":"product_cat-gesicht","8":"product_cat-kosmetik","9":"product_cat-mikrokosmos","10":"product_cat-pink-bird","11":"product_tag-beruhigend-de","12":"product_tag-ekzem","13":"product_tag-erythem","14":"product_tag-gereizte-haut","15":"product_tag-hydrolat-de","16":"product_tag-lavendel","17":"product_tag-mischhaute","18":"product_tag-sonnenbrand","19":"product_tag-verbruhungsschutz","20":"pa_formato-100ml-de","21":"pa_formato-500ml-de","23":"first","24":"instock","25":"taxable","26":"shipping-taxable","27":"purchasable","28":"product-type-variable"},"acf":[],"jetpack_sharing_enabled":true,"_links":{"self":[{"href":"https:\/\/cndestetik.ch\/de\/wp-json\/wp\/v2\/product\/37968","targetHints":{"allow":["GET"]}}],"collection":[{"href":"https:\/\/cndestetik.ch\/de\/wp-json\/wp\/v2\/product"}],"about":[{"href":"https:\/\/cndestetik.ch\/de\/wp-json\/wp\/v2\/types\/product"}],"wp:featuredmedia":[{"embeddable":true,"href":"https:\/\/cndestetik.ch\/de\/wp-json\/wp\/v2\/media\/37483"}],"wp:attachment":[{"href":"https:\/\/cndestetik.ch\/de\/wp-json\/wp\/v2\/media?parent=37968"}],"wp:term":[{"taxonomy":"product_brand","embeddable":true,"href":"https:\/\/cndestetik.ch\/de\/wp-json\/wp\/v2\/product_brand?post=37968"},{"taxonomy":"product_cat","embeddable":true,"href":"https:\/\/cndestetik.ch\/de\/wp-json\/wp\/v2\/product_cat?post=37968"},{"taxonomy":"product_tag","embeddable":true,"href":"https:\/\/cndestetik.ch\/de\/wp-json\/wp\/v2\/product_tag?post=37968"}],"curies":[{"name":"wp","href":"https:\/\/api.w.org\/{rel}","templated":true}]}}