{"id":37964,"date":"2020-10-15T11:42:04","date_gmt":"2020-10-15T09:42:04","guid":{"rendered":"https:\/\/ticinoweb01.jcloud.ik-server.com\/cndestetik\/prodotto\/salbei-hydrolat\/"},"modified":"2025-01-24T08:24:03","modified_gmt":"2025-01-24T07:24:03","slug":"salbeihydrolat","status":"publish","type":"product","link":"https:\/\/cndestetik.ch\/de\/prodotto\/salbeihydrolat\/","title":{"rendered":"Salbei-Hydrolat"},"content":{"rendered":"<p><span data-sheets-value=\"{\"1\":2,\"2\":\"Durante il processo di distillazione in corrente di vapore delle piante fresche, raccolte nel loro momento balsamico, si ottengono gli idrolati, impregnati di oli essenziali e di altri principi potenziati. Semplici e puri i nostri idrolati sono un'alternativa agli estratti in alcool e agli oli essenziali, ma non hanno le stesse controindicazioni, possono essere usati anche puri sulla pelle, per rinfrescare tonificare e rimuovere impurit\u00e0. Rimangono una delle vie di cura e bellezza principali, rigenerando e tonificando la nostra pelle.\\nSi utilizzano bagnando un batuffolo di cotone passandolo sulla pelle, oppure pi\u00f9 comodamente si possono utilizzare vaporizzandoli direttamente sul viso o sul corpo facendoli penetrare con dei picchiettamenti.\\nLa Salvia \u00e8 adatta nei casi di sudorazione eccessiva, \u00e8 indicata come antirughe, idratante, sebo normalizzante. Ottime propriet\u00e0 come regolatore ormonale. Spruzzato sul decolt\u00e9 femminile aiuta a riequilibrare e a rilassare. Utile anche nel trattamento delle smagliature.\"}\" data-sheets-userformat=\"{\"2\":15297,\"3\":{\"1\":0},\"9\":0,\"10\":2,\"11\":0,\"12\":0,\"14\":{\"1\":2,\"2\":0},\"15\":\"Calibri\",\"16\":11}\">Bei der Wasserdampfdestillation frischer Pflanzen, die im balsamischen Moment geerntet werden, erh\u00e4lt man Hydrolate, die mit \u00e4therischen \u00d6len und anderen wirksamen Bestandteilen impr\u00e4gniert sind. Unsere einfachen und reinen Hydrolate sind eine Alternative zu Alkoholextrakten und \u00e4therischen \u00d6len, haben aber nicht dieselben Kontraindikationen und k\u00f6nnen auch pur auf der Haut verwendet werden, um den Tonus aufzufrischen und Unreinheiten zu entfernen. <\/p>\n<p>Sie sind nach wie vor eines der wichtigsten Pflege- und Sch\u00f6nheitsmittel, das unsere Haut regeneriert und strafft. Sie werden verwendet, indem man ein Wattepad befeuchtet und \u00fcber die Haut streicht, oder, was noch bequemer ist, indem man sie direkt auf das Gesicht oder den K\u00f6rper spr\u00fcht und einklopft. Salbei eignet sich bei \u00fcberm\u00e4\u00dfigem Schwitzen und wird als Mittel gegen Falten, zur Befeuchtung und zur Normalisierung des Talgs empfohlen. Ausgezeichnete Eigenschaften als Hormonregulator. Auf das weibliche Dekollet\u00e9 gespr\u00fcht, wirkt es ausgleichend und entspannend. Auch n\u00fctzlich bei der Behandlung von Dehnungsstreifen.<\/span><\/p>\n","protected":false},"excerpt":{"rendered":"<p>Salbei Hydrolat, erh\u00e4ltlich in zwei Gr\u00f6\u00dfen: 100ml und 500ml<\/p>\n","protected":false},"featured_media":37492,"template":"","meta":{"_acf_changed":false},"product_brand":[],"product_cat":[12985,12988,1495,12980,9904],"product_tag":[579,594,4184,499,4784],"class_list":{"0":"post-37964","1":"product","2":"type-product","3":"status-publish","4":"has-post-thumbnail","6":"product_cat-body","7":"product_cat-gesicht","8":"product_cat-kosmetik","9":"product_cat-mikrokosmos","10":"product_cat-pink-bird","11":"product_tag-anti-falten","12":"product_tag-feuchtigkeitscreme","13":"product_tag-hydrolat-de","14":"product_tag-salbei","15":"product_tag-schwitzen","16":"pa_formato-100ml-de","17":"pa_formato-500ml-de","19":"first","20":"instock","21":"taxable","22":"shipping-taxable","23":"purchasable","24":"product-type-variable"},"acf":[],"jetpack_sharing_enabled":true,"_links":{"self":[{"href":"https:\/\/cndestetik.ch\/de\/wp-json\/wp\/v2\/product\/37964","targetHints":{"allow":["GET"]}}],"collection":[{"href":"https:\/\/cndestetik.ch\/de\/wp-json\/wp\/v2\/product"}],"about":[{"href":"https:\/\/cndestetik.ch\/de\/wp-json\/wp\/v2\/types\/product"}],"wp:featuredmedia":[{"embeddable":true,"href":"https:\/\/cndestetik.ch\/de\/wp-json\/wp\/v2\/media\/37492"}],"wp:attachment":[{"href":"https:\/\/cndestetik.ch\/de\/wp-json\/wp\/v2\/media?parent=37964"}],"wp:term":[{"taxonomy":"product_brand","embeddable":true,"href":"https:\/\/cndestetik.ch\/de\/wp-json\/wp\/v2\/product_brand?post=37964"},{"taxonomy":"product_cat","embeddable":true,"href":"https:\/\/cndestetik.ch\/de\/wp-json\/wp\/v2\/product_cat?post=37964"},{"taxonomy":"product_tag","embeddable":true,"href":"https:\/\/cndestetik.ch\/de\/wp-json\/wp\/v2\/product_tag?post=37964"}],"curies":[{"name":"wp","href":"https:\/\/api.w.org\/{rel}","templated":true}]}}