{"id":37963,"date":"2020-10-15T11:42:08","date_gmt":"2020-10-15T09:42:08","guid":{"rendered":"https:\/\/ticinoweb01.jcloud.ik-server.com\/cndestetik\/prodotto\/rosenhydrolat\/"},"modified":"2025-01-24T08:23:59","modified_gmt":"2025-01-24T07:23:59","slug":"rosenhydrolat","status":"publish","type":"product","link":"https:\/\/cndestetik.ch\/de\/prodotto\/rosenhydrolat\/","title":{"rendered":"Rosenhydrolat"},"content":{"rendered":"<p><span data-sheets-value=\"{\"1\":2,\"2\":\"Durante il processo di distillazione in corrente di vapore delle piante fresche, raccolte nel loro momento balsamico, si ottengono gli idrolati, impregnati di oli essenziali e di altri principi potenziati. Semplici e puri i nostri idrolati sono un'alternativa agli estratti in alcool e agli oli essenziali, ma non hanno le stesse controindicazioni, possono essere usati anche puri sulla pelle, per rinfrescare tonificare e rimuovere impurit\u00e0. Rimangono una delle vie di cura e bellezza principali, rigenerando e tonificando la nostra pelle.\\nSi utilizzano bagnando un batuffolo di cotone passandolo sulla pelle, oppure pi\u00f9 comodamente si possono utilizzare vaporizzandoli direttamente sul viso o sul corpo facendoli penetrare con dei picchiettamenti.\\nLa Rosa \u00e8 antisettica, lenitiva e rinfrescante. Dona luminosit\u00e0 al viso. Ottimo antirughe. Adatto a pi\u00f9 tipi di pelle, soprattutto quelle delicate.\"}\" data-sheets-userformat=\"{\"2\":15297,\"3\":{\"1\":0},\"9\":0,\"10\":2,\"11\":0,\"12\":0,\"14\":{\"1\":2,\"2\":0},\"15\":\"Calibri\",\"16\":11}\">Bei der Wasserdampfdestillation frischer Pflanzen, die im balsamischen Moment geerntet werden, erh\u00e4lt man Hydrolate, die mit \u00e4therischen \u00d6len und anderen wirksamen Bestandteilen impr\u00e4gniert sind. Unsere einfachen und reinen Hydrolate sind eine Alternative zu Alkoholextrakten und \u00e4therischen \u00d6len, haben aber nicht dieselben Kontraindikationen und k\u00f6nnen auch pur auf der Haut verwendet werden, um den Tonus aufzufrischen und Unreinheiten zu entfernen.  <\/span><\/p>\n<p><span data-sheets-value=\"{\"1\":2,\"2\":\"Durante il processo di distillazione in corrente di vapore delle piante fresche, raccolte nel loro momento balsamico, si ottengono gli idrolati, impregnati di oli essenziali e di altri principi potenziati. Semplici e puri i nostri idrolati sono un'alternativa agli estratti in alcool e agli oli essenziali, ma non hanno le stesse controindicazioni, possono essere usati anche puri sulla pelle, per rinfrescare tonificare e rimuovere impurit\u00e0. Rimangono una delle vie di cura e bellezza principali, rigenerando e tonificando la nostra pelle.\\nSi utilizzano bagnando un batuffolo di cotone passandolo sulla pelle, oppure pi\u00f9 comodamente si possono utilizzare vaporizzandoli direttamente sul viso o sul corpo facendoli penetrare con dei picchiettamenti.\\nLa Rosa \u00e8 antisettica, lenitiva e rinfrescante. Dona luminosit\u00e0 al viso. Ottimo antirughe. Adatto a pi\u00f9 tipi di pelle, soprattutto quelle delicate.\"}\" data-sheets-userformat=\"{\"2\":15297,\"3\":{\"1\":0},\"9\":0,\"10\":2,\"11\":0,\"12\":0,\"14\":{\"1\":2,\"2\":0},\"15\":\"Calibri\",\"16\":11}\"><br \/>\nSie sind nach wie vor eines der wichtigsten Pflege- und Sch\u00f6nheitsmittel, das unsere Haut regeneriert und strafft. Sie werden verwendet, indem man einen Wattebausch anfeuchtet und \u00fcber die Haut streicht, oder &#8211; noch bequemer &#8211; indem man sie direkt auf das Gesicht oder den K\u00f6rper spr\u00fcht und einklopft.<br \/>\n<\/span><\/p>\n<p><span data-sheets-value=\"{\"1\":2,\"2\":\"Durante il processo di distillazione in corrente di vapore delle piante fresche, raccolte nel loro momento balsamico, si ottengono gli idrolati, impregnati di oli essenziali e di altri principi potenziati. Semplici e puri i nostri idrolati sono un'alternativa agli estratti in alcool e agli oli essenziali, ma non hanno le stesse controindicazioni, possono essere usati anche puri sulla pelle, per rinfrescare tonificare e rimuovere impurit\u00e0. Rimangono una delle vie di cura e bellezza principali, rigenerando e tonificando la nostra pelle.\\nSi utilizzano bagnando un batuffolo di cotone passandolo sulla pelle, oppure pi\u00f9 comodamente si possono utilizzare vaporizzandoli direttamente sul viso o sul corpo facendoli penetrare con dei picchiettamenti.\\nLa Rosa \u00e8 antisettica, lenitiva e rinfrescante. Dona luminosit\u00e0 al viso. Ottimo antirughe. Adatto a pi\u00f9 tipi di pelle, soprattutto quelle delicate.\"}\" data-sheets-userformat=\"{\"2\":15297,\"3\":{\"1\":0},\"9\":0,\"10\":2,\"11\":0,\"12\":0,\"14\":{\"1\":2,\"2\":0},\"15\":\"Calibri\",\"16\":11}\">Rose ist antiseptisch, beruhigend und erfrischend. Verleiht dem Gesicht ein strahlendes Aussehen. Ausgezeichneter Knitterschutz. Geeignet f\u00fcr verschiedene Hauttypen, insbesondere f\u00fcr empfindliche Haut.<\/span><\/p>\n","protected":false},"excerpt":{"rendered":"<p>Rosenhydrolat ist beruhigend und erfrischend. Es wirkt als Anti-Falten-Mittel und Hautaufheller.<\/p>\n","protected":false},"featured_media":37489,"template":"","meta":{"_acf_changed":false},"product_brand":[],"product_cat":[12985,12988,1495,12980,9904],"product_tag":[579,4185,4786,741,4184,548],"class_list":{"0":"post-37963","1":"product","2":"type-product","3":"status-publish","4":"has-post-thumbnail","6":"product_cat-body","7":"product_cat-gesicht","8":"product_cat-kosmetik","9":"product_cat-mikrokosmos","10":"product_cat-pink-bird","11":"product_tag-anti-falten","12":"product_tag-beruhigend-de-3","13":"product_tag-erfrischend","14":"product_tag-erhellend","15":"product_tag-hydrolat-de","16":"product_tag-rose-de","17":"pa_formato-100ml-de","18":"pa_formato-500ml-de","20":"first","21":"instock","22":"taxable","23":"shipping-taxable","24":"purchasable","25":"product-type-variable","26":"has-default-attributes"},"acf":[],"jetpack_sharing_enabled":true,"_links":{"self":[{"href":"https:\/\/cndestetik.ch\/de\/wp-json\/wp\/v2\/product\/37963","targetHints":{"allow":["GET"]}}],"collection":[{"href":"https:\/\/cndestetik.ch\/de\/wp-json\/wp\/v2\/product"}],"about":[{"href":"https:\/\/cndestetik.ch\/de\/wp-json\/wp\/v2\/types\/product"}],"wp:featuredmedia":[{"embeddable":true,"href":"https:\/\/cndestetik.ch\/de\/wp-json\/wp\/v2\/media\/37489"}],"wp:attachment":[{"href":"https:\/\/cndestetik.ch\/de\/wp-json\/wp\/v2\/media?parent=37963"}],"wp:term":[{"taxonomy":"product_brand","embeddable":true,"href":"https:\/\/cndestetik.ch\/de\/wp-json\/wp\/v2\/product_brand?post=37963"},{"taxonomy":"product_cat","embeddable":true,"href":"https:\/\/cndestetik.ch\/de\/wp-json\/wp\/v2\/product_cat?post=37963"},{"taxonomy":"product_tag","embeddable":true,"href":"https:\/\/cndestetik.ch\/de\/wp-json\/wp\/v2\/product_tag?post=37963"}],"curies":[{"name":"wp","href":"https:\/\/api.w.org\/{rel}","templated":true}]}}