{"id":37962,"date":"2020-10-15T11:42:11","date_gmt":"2020-10-15T09:42:11","guid":{"rendered":"https:\/\/ticinoweb01.jcloud.ik-server.com\/cndestetik\/prodotto\/malvenhydrolat\/"},"modified":"2025-01-24T08:24:06","modified_gmt":"2025-01-24T07:24:06","slug":"malvenhydrolat","status":"publish","type":"product","link":"https:\/\/cndestetik.ch\/de\/prodotto\/malvenhydrolat\/","title":{"rendered":"Malvenhydrolat"},"content":{"rendered":"<p><span data-sheets-value=\"{\"1\":2,\"2\":\"Durante il processo di distillazione in corrente di vapore delle piante fresche, raccolte nel loro momento balsamico, si ottengono gli idrolati, impregnati di oli essenziali e di altri principi potenziati. Semplici e puri i nostri idrolati sono un'alternativa agli estratti in alcool e agli oli essenziali, ma non hanno le stesse controindicazioni, possono essere usati anche puri sulla pelle, per rinfrescare tonificare e rimuovere impurit\u00e0. Rimangono una delle vie di cura e bellezza principali, rigenerando e tonificando la nostra pelle.\\nSi utilizzano bagnando un batuffolo di cotone passandolo sulla pelle, oppure pi\u00f9 comodamente si possono utilizzare vaporizzandoli direttamente sul viso o sul corpo facendoli penetrare con dei picchiettamenti.\\nLa Malva avendo un alto contenuto di mucillagine ha un'azione idratante, emolliente e disarrossante \u00e8 quindi adatto a pelli secche, sensibili ed irritate. Ottimo doposole, dopo barba e post-epilazione, soprattutto per le sue propriet\u00e0 decongestionanti e lenitive. Si pu\u00f2 applicare anche sui capelli per proteggerli e idratarli dopo l'esposizione al sole.\"}\" data-sheets-userformat=\"{\"2\":15297,\"3\":{\"1\":0},\"9\":0,\"10\":2,\"11\":0,\"12\":0,\"14\":{\"1\":2,\"2\":0},\"15\":\"Calibri\",\"16\":11}\">Bei der Wasserdampfdestillation frischer Pflanzen, die im balsamischen Moment geerntet werden, erh\u00e4lt man Hydrolate, die mit \u00e4therischen \u00d6len und anderen wirksamen Bestandteilen impr\u00e4gniert sind. Unsere einfachen und reinen Hydrolate sind eine Alternative zu Alkoholextrakten und \u00e4therischen \u00d6len, haben aber nicht dieselben Kontraindikationen und k\u00f6nnen auch pur auf der Haut verwendet werden, um den Tonus aufzufrischen und Unreinheiten zu entfernen. Sie sind nach wie vor eines der wichtigsten Mittel f\u00fcr Pflege und Sch\u00f6nheit, sie regenerieren und straffen unsere Haut.<\/span><\/p>\n<p><span data-sheets-value=\"{\"1\":2,\"2\":\"Durante il processo di distillazione in corrente di vapore delle piante fresche, raccolte nel loro momento balsamico, si ottengono gli idrolati, impregnati di oli essenziali e di altri principi potenziati. Semplici e puri i nostri idrolati sono un'alternativa agli estratti in alcool e agli oli essenziali, ma non hanno le stesse controindicazioni, possono essere usati anche puri sulla pelle, per rinfrescare tonificare e rimuovere impurit\u00e0. Rimangono una delle vie di cura e bellezza principali, rigenerando e tonificando la nostra pelle.\\nSi utilizzano bagnando un batuffolo di cotone passandolo sulla pelle, oppure pi\u00f9 comodamente si possono utilizzare vaporizzandoli direttamente sul viso o sul corpo facendoli penetrare con dei picchiettamenti.\\nLa Malva avendo un alto contenuto di mucillagine ha un'azione idratante, emolliente e disarrossante \u00e8 quindi adatto a pelli secche, sensibili ed irritate. Ottimo doposole, dopo barba e post-epilazione, soprattutto per le sue propriet\u00e0 decongestionanti e lenitive. Si pu\u00f2 applicare anche sui capelli per proteggerli e idratarli dopo l'esposizione al sole.\"}\" data-sheets-userformat=\"{\"2\":15297,\"3\":{\"1\":0},\"9\":0,\"10\":2,\"11\":0,\"12\":0,\"14\":{\"1\":2,\"2\":0},\"15\":\"Calibri\",\"16\":11}\"><br \/>\nSie werden verwendet, indem man ein Wattepad befeuchtet und damit \u00fcber die Haut wischt. Noch bequemer ist es, sie direkt auf das Gesicht oder den K\u00f6rper zu spr\u00fchen und einzuklopfen.<\/span><\/p>\n<p><span data-sheets-value=\"{\"1\":2,\"2\":\"Durante il processo di distillazione in corrente di vapore delle piante fresche, raccolte nel loro momento balsamico, si ottengono gli idrolati, impregnati di oli essenziali e di altri principi potenziati. Semplici e puri i nostri idrolati sono un'alternativa agli estratti in alcool e agli oli essenziali, ma non hanno le stesse controindicazioni, possono essere usati anche puri sulla pelle, per rinfrescare tonificare e rimuovere impurit\u00e0. Rimangono una delle vie di cura e bellezza principali, rigenerando e tonificando la nostra pelle.\\nSi utilizzano bagnando un batuffolo di cotone passandolo sulla pelle, oppure pi\u00f9 comodamente si possono utilizzare vaporizzandoli direttamente sul viso o sul corpo facendoli penetrare con dei picchiettamenti.\\nLa Malva avendo un alto contenuto di mucillagine ha un'azione idratante, emolliente e disarrossante \u00e8 quindi adatto a pelli secche, sensibili ed irritate. Ottimo doposole, dopo barba e post-epilazione, soprattutto per le sue propriet\u00e0 decongestionanti e lenitive. Si pu\u00f2 applicare anche sui capelli per proteggerli e idratarli dopo l'esposizione al sole.\"}\" data-sheets-userformat=\"{\"2\":15297,\"3\":{\"1\":0},\"9\":0,\"10\":2,\"11\":0,\"12\":0,\"14\":{\"1\":2,\"2\":0},\"15\":\"Calibri\",\"16\":11}\"><br \/>\nMalve hat einen hohen Schleimstoffgehalt, wirkt feuchtigkeitsspendend, erweichend und taufrisch und ist daher f\u00fcr trockene, empfindliche und gereizte Haut geeignet. Hervorragend nach der Sonne, nach der Rasur und nach der Haarentfernung, insbesondere wegen seiner abschwellenden und beruhigenden Eigenschaften. Es kann auch auf das Haar aufgetragen werden, um es nach der Sonneneinstrahlung zu sch\u00fctzen und mit Feuchtigkeit zu versorgen.<\/span><\/p>\n","protected":false},"excerpt":{"rendered":"<p>Malvenhydrolat, erh\u00e4ltlich in zwei Formaten: 100ml und 500ml.<\/p>\n","protected":false},"featured_media":37486,"template":"","meta":{"_acf_changed":false},"product_brand":[],"product_cat":[12985,12988,1495,12980,9904],"product_tag":[8920,594,4184,547],"class_list":{"0":"post-37962","1":"product","2":"type-product","3":"status-publish","4":"has-post-thumbnail","6":"product_cat-body","7":"product_cat-gesicht","8":"product_cat-kosmetik","9":"product_cat-mikrokosmos","10":"product_cat-pink-bird","11":"product_tag-erweichend","12":"product_tag-feuchtigkeitscreme","13":"product_tag-hydrolat-de","14":"product_tag-malve","15":"pa_formato-100ml-de","16":"pa_formato-500ml-de","18":"first","19":"instock","20":"taxable","21":"shipping-taxable","22":"purchasable","23":"product-type-variable"},"acf":[],"jetpack_sharing_enabled":true,"_links":{"self":[{"href":"https:\/\/cndestetik.ch\/de\/wp-json\/wp\/v2\/product\/37962","targetHints":{"allow":["GET"]}}],"collection":[{"href":"https:\/\/cndestetik.ch\/de\/wp-json\/wp\/v2\/product"}],"about":[{"href":"https:\/\/cndestetik.ch\/de\/wp-json\/wp\/v2\/types\/product"}],"wp:featuredmedia":[{"embeddable":true,"href":"https:\/\/cndestetik.ch\/de\/wp-json\/wp\/v2\/media\/37486"}],"wp:attachment":[{"href":"https:\/\/cndestetik.ch\/de\/wp-json\/wp\/v2\/media?parent=37962"}],"wp:term":[{"taxonomy":"product_brand","embeddable":true,"href":"https:\/\/cndestetik.ch\/de\/wp-json\/wp\/v2\/product_brand?post=37962"},{"taxonomy":"product_cat","embeddable":true,"href":"https:\/\/cndestetik.ch\/de\/wp-json\/wp\/v2\/product_cat?post=37962"},{"taxonomy":"product_tag","embeddable":true,"href":"https:\/\/cndestetik.ch\/de\/wp-json\/wp\/v2\/product_tag?post=37962"}],"curies":[{"name":"wp","href":"https:\/\/api.w.org\/{rel}","templated":true}]}}