{"id":37955,"date":"2020-10-15T11:42:01","date_gmt":"2020-10-15T09:42:01","guid":{"rendered":"https:\/\/ticinoweb01.jcloud.ik-server.com\/cndestetik\/prodotto\/thymian-hydrolat\/"},"modified":"2025-01-24T08:23:57","modified_gmt":"2025-01-24T07:23:57","slug":"hydrolat-thymian","status":"publish","type":"product","link":"https:\/\/cndestetik.ch\/de\/prodotto\/hydrolat-thymian\/","title":{"rendered":"Thymian-Hydrolat"},"content":{"rendered":"<p>Bei der Wasserdampfdestillation der frischen Pflanzen, die zum Zeitpunkt ihrer Balsamierung geerntet werden, werden nicht nur \u00e4therische \u00d6le, sondern auch Hydrolate gewonnen, d. h. aromatische W\u00e4sser, die mit \u00e4therischem \u00d6l und anderen verbesserten Wirkstoffen impr\u00e4gniert bleiben. Die Hydrolate von Microcosmo sind einfach und rein, eine gute Alternative zu Alkoholextrakten und \u00e4therischen \u00d6len, die nicht die gleichen Gegenanzeigen haben und direkt auf der Haut angewendet werden k\u00f6nnen, um den Tonus aufzufrischen und Unreinheiten zu entfernen.<\/p>\n<p>Thymianhydrolat ist ein ausgezeichnetes reinigendes, antiseptisches und tonisierendes Mittel. Sie eignet sich f\u00fcr fettige, trockenheitsempfindliche und sehr atonische Haut, insbesondere f\u00fcr sehr junge Haut. Es eignet sich jedoch sehr gut f\u00fcr die Reinigung von Gesicht und K\u00f6rper.<\/p>\n<p>Wie wird es verwendet? Sie k\u00f6nnen entweder ein Baumwolltuch befeuchten und damit \u00fcber die Haut wischen oder es direkt auf das Gesicht oder den K\u00f6rper spr\u00fchen, indem Sie es leicht einklopfen. Verwenden Sie es morgens zur Reinigung Ihres Gesichts anstelle von Leitungswasser. Es macht Ihre Haut weich und erfrischt, bereit f\u00fcr Creme und Make-up.<\/p>\n","protected":false},"excerpt":{"rendered":"<p>Malvenhydrolat, erh\u00e4ltlich in zwei verschiedenen Formaten, 100ml und 500ml<\/p>\n","protected":false},"featured_media":37495,"template":"","meta":{"_acf_changed":false},"product_brand":[],"product_cat":[12985,12988,1495,12980,9904],"product_tag":[9143,4184,4750,540,9615],"class_list":{"0":"post-37955","1":"product","2":"type-product","3":"status-publish","4":"has-post-thumbnail","6":"product_cat-body","7":"product_cat-gesicht","8":"product_cat-kosmetik","9":"product_cat-mikrokosmos","10":"product_cat-pink-bird","11":"product_tag-antiseptisch","12":"product_tag-hydrolat-de","13":"product_tag-reinigung","14":"product_tag-thymian","15":"product_tag-tonic","16":"pa_formato-100ml-de","17":"pa_formato-500ml-de","19":"first","20":"instock","21":"taxable","22":"shipping-taxable","23":"purchasable","24":"product-type-variable","25":"has-default-attributes"},"acf":[],"jetpack_sharing_enabled":true,"_links":{"self":[{"href":"https:\/\/cndestetik.ch\/de\/wp-json\/wp\/v2\/product\/37955","targetHints":{"allow":["GET"]}}],"collection":[{"href":"https:\/\/cndestetik.ch\/de\/wp-json\/wp\/v2\/product"}],"about":[{"href":"https:\/\/cndestetik.ch\/de\/wp-json\/wp\/v2\/types\/product"}],"wp:featuredmedia":[{"embeddable":true,"href":"https:\/\/cndestetik.ch\/de\/wp-json\/wp\/v2\/media\/37495"}],"wp:attachment":[{"href":"https:\/\/cndestetik.ch\/de\/wp-json\/wp\/v2\/media?parent=37955"}],"wp:term":[{"taxonomy":"product_brand","embeddable":true,"href":"https:\/\/cndestetik.ch\/de\/wp-json\/wp\/v2\/product_brand?post=37955"},{"taxonomy":"product_cat","embeddable":true,"href":"https:\/\/cndestetik.ch\/de\/wp-json\/wp\/v2\/product_cat?post=37955"},{"taxonomy":"product_tag","embeddable":true,"href":"https:\/\/cndestetik.ch\/de\/wp-json\/wp\/v2\/product_tag?post=37955"}],"curies":[{"name":"wp","href":"https:\/\/api.w.org\/{rel}","templated":true}]}}