{"id":37949,"date":"2020-10-15T11:40:57","date_gmt":"2020-10-15T09:40:57","guid":{"rendered":"https:\/\/ticinoweb01.jcloud.ik-server.com\/cndestetik\/prodotto\/aetherisches-oel-zedernholz\/"},"modified":"2025-01-22T16:14:17","modified_gmt":"2025-01-22T15:14:17","slug":"ol-essenziell-zederholz","status":"publish","type":"product","link":"https:\/\/cndestetik.ch\/de\/prodotto\/ol-essenziell-zederholz\/","title":{"rendered":"\u00c4therisches \u00d6l Zedernholz"},"content":{"rendered":"<p>Grundlegende Anmerkung<\/p>\n<p>Verleiht Mut, Kraft und Entschlossenheit, st\u00e4rkt das Selbstvertrauen und ist ein Aphrodisiakum Anwendung: F\u00f6rdert die Durchblutung Ausgezeichnete Entw\u00e4sserung und Tonisierung Geeignet f\u00fcr zu Akne neigende und atonische Haut, reinigend Antimykotikum<\/p>\n<p>Schl\u00fcsselwort: Integration<\/p>\n<p>*Die \u00e4therischen \u00d6le von Microcosmo werden alle dampfdestilliert, ohne Verwendung von L\u00f6sungsmitteln oder Alkohol, so dass sie 100% rein sind. Sie k\u00f6nnen nur topisch angewendet werden, wenn sie in einem Tr\u00e4gerstoff (\u00d6l, Creme, Schlamm, Tonerde, Masken) verd\u00fcnnt sind, sie verd\u00fcnnen sich nicht in Wasser. Von einer oralen Einnahme ist dringend abzuraten, da seine Reinheit die Schleimh\u00e4ute sch\u00e4digen kann. Sie k\u00f6nnen f\u00fcr die Diffusion in der Umwelt verwendet werden. Au\u00dferhalb der Reichweite von Kindern aufbewahren. W\u00e4hrend der Schwangerschaft nicht topisch anwenden. Wenn Sie sich in pharmakologischer Behandlung befinden, wenden Sie sich an Ihren Arzt.<\/p>\n<p>Zutaten 100% biologisch und nat\u00fcrlich Vegan Cruelty Free<\/p>\n","protected":false},"excerpt":{"rendered":"<p>\u00c4therisches Zedernholz\u00f6l, erh\u00e4ltlich in zwei Gr\u00f6\u00dfen, 10 und 30 ml.<\/p>\n","protected":false},"featured_media":37537,"template":"","meta":{"_acf_changed":false},"product_brand":[],"product_cat":[2314,12980],"product_tag":[508,9647,4260,4352,9645,2192,9646,2319,4350,4351],"class_list":{"0":"post-37949","1":"product","2":"type-product","3":"status-publish","4":"has-post-thumbnail","6":"product_cat-essenzen","7":"product_cat-mikrokosmos","8":"product_tag-atherische-ole","9":"product_tag-bestimmung","10":"product_tag-essenz","11":"product_tag-holz","12":"product_tag-mut","13":"product_tag-ol-de","14":"product_tag-starke","15":"product_tag-wesentlich","16":"product_tag-zedernholz","17":"product_tag-zedernholz-de","18":"pa_formato-10ml-de","19":"pa_formato-30ml-de","21":"first","22":"instock","23":"taxable","24":"shipping-taxable","25":"purchasable","26":"product-type-variable","27":"has-default-attributes"},"acf":[],"jetpack_sharing_enabled":true,"_links":{"self":[{"href":"https:\/\/cndestetik.ch\/de\/wp-json\/wp\/v2\/product\/37949","targetHints":{"allow":["GET"]}}],"collection":[{"href":"https:\/\/cndestetik.ch\/de\/wp-json\/wp\/v2\/product"}],"about":[{"href":"https:\/\/cndestetik.ch\/de\/wp-json\/wp\/v2\/types\/product"}],"wp:featuredmedia":[{"embeddable":true,"href":"https:\/\/cndestetik.ch\/de\/wp-json\/wp\/v2\/media\/37537"}],"wp:attachment":[{"href":"https:\/\/cndestetik.ch\/de\/wp-json\/wp\/v2\/media?parent=37949"}],"wp:term":[{"taxonomy":"product_brand","embeddable":true,"href":"https:\/\/cndestetik.ch\/de\/wp-json\/wp\/v2\/product_brand?post=37949"},{"taxonomy":"product_cat","embeddable":true,"href":"https:\/\/cndestetik.ch\/de\/wp-json\/wp\/v2\/product_cat?post=37949"},{"taxonomy":"product_tag","embeddable":true,"href":"https:\/\/cndestetik.ch\/de\/wp-json\/wp\/v2\/product_tag?post=37949"}],"curies":[{"name":"wp","href":"https:\/\/api.w.org\/{rel}","templated":true}]}}