{"id":37934,"date":"2020-10-15T11:40:38","date_gmt":"2020-10-15T09:40:38","guid":{"rendered":"https:\/\/ticinoweb01.jcloud.ik-server.com\/cndestetik\/prodotto\/aetherisches-lavendeloel\/"},"modified":"2025-01-22T16:12:58","modified_gmt":"2025-01-22T15:12:58","slug":"atherisches-ol-lavendel","status":"publish","type":"product","link":"https:\/\/cndestetik.ch\/de\/prodotto\/atherisches-ol-lavendel\/","title":{"rendered":"\u00c4therisches Lavendel\u00f6l"},"content":{"rendered":"<p><span data-sheets-value=\"{\"1\":2,\"2\":\"Nota di Cuore. Prodotto nella famosa regione francese della provenza. La lavanda \u00e8 una pianta perfettamente equilibrata. Viene utilizzata in aromaterapia sottile per la sua capacit\u00e0 di agire dal 1\u00b0 al 7\u00b0 chakra. E\u00ec legata a Mercurio e per questo \u00e8 una pianta caratterizzata da leggerezza, velocit\u00e0 e flessibilit\u00e0. Il suo nome ha origine dalla parola \\\"lavare\\\". I romani ne facevano uso nelle loro pratiche di pulizia e nelle terme. L'olio essenziale di lavanda ha svariate propriet\u00e0. Calma e infonde una sensazione di pace alla mente, riequilibra il sistema nervoso e aiuta in caso di insonnia. Ottima per il mal di testa da stress. In mancanza di vigore nervoso per\u00f2 la lavanda funge da stimolante e allevia la stanchezza. Stimola le funzioni di tutto il corpo: dall'apparato respiratorio all'urogenitale, tanto che viene considerata un rimedio di pronto soccorso. Pu\u00f2 alleviare i sintomi premestruali e della menopausa, favorisce la regolarit\u00e0 del flusso.\\nAzioni: blando anestetico locale - antimicrobico - antinfiammatorio - rilassante - deodorante - antitossico - benevolo per le vie respiratorie - cicatrizzante - antimicotico\\nAdatto in caso di: pelle impura - pelle delicata e sensibile - crampi addominali e coliche (massaggio addominale) - tensioni e rigidit\u00e0 muscolari e crampi - orticaria - pidocchi - piede d'atleta - scottature e macchie - massaggio rilassante - punture di insetti - stati di infiammazione - in diffusione per risanare l'ambiente - forfora e pruriti\\n\\nGli oli essenziali vengono estratti da parti specifiche di piante aromatiche dette essenziere. L'estrazione viene per lo pi\u00f9 fatta con il metodo della distillazione in corrente di vapore, ottenuta tramite appositi distillatori. Con essa si riescono a raccogliere le molecole pi\u00f9 volatili e lipofile della pianta\\n-Gli oli essenziali non vanno applicati puri sulla pelle poich\u00e9 possono provocare effetti collaterali, quali irritazioni cutanee, allergie e vere e proprie macchie sulla pelle. E' quindi necessario diluirli sempre in sostanze vettrici come oli base, creme, saponi etc.\\n-Non utilizzarli in trattamenti di donne in gravidanza. Gli O.E. di agrumi (come arancio amaro, bergamotto e limone) contengono sostanze fotosensibilizzanti, non vanno utilizzati prima dell'esposizione al sole. Tenere gli O.E. fuori dalla portata dei bambini. Per escludere eventuali reazioni allergiche, peraltro molto rare, la prima volta che utilizzate un olio essenziale fate una prova con una goccia sull'incavo del gomito. Nel giro di un minuto se non si manifesta nessuna reazione allora potrete usarlo con tranquillit\u00e0 (sempre nelle diluizioni consigliate)\\n-Noce moscata, Salvia, Rosmarino e Timo sono controindicati in caso di epilessia.\\n\"}\" data-sheets-userformat=\"{\"2\":15297,\"3\":{\"1\":0},\"9\":0,\"10\":2,\"11\":0,\"12\":0,\"14\":{\"1\":2,\"2\":0},\"15\":\"Calibri\",\"16\":11}\">Herznote. Er wird in der ber\u00fchmten franz\u00f6sischen Region Provence hergestellt. Lavendel ist eine perfekt ausgewogene Pflanze. Es wird in der subtilen Aromatherapie verwendet, weil es auf das 1. bis 7. Chakra wirkt. Sie steht in Verbindung mit Merkur und ist daher eine Pflanze, die sich durch Leichtigkeit, Schnelligkeit und Flexibilit\u00e4t auszeichnet. Sein Name leitet sich von dem Wort &#8220;waschen&#8221; ab. Die R\u00f6mer verwendeten es bei der Reinigung und in den B\u00e4dern. Das \u00e4therische Lavendel\u00f6l hat viele Eigenschaften. Es beruhigt und verleiht dem Geist ein Gef\u00fchl der Ruhe, gleicht das Nervensystem aus und hilft bei Schlaflosigkeit. Gut gegen stressbedingte Kopfschmerzen. Bei fehlender Nervenst\u00e4rke wirkt Lavendel jedoch anregend und m\u00fcde machend. Es stimuliert die Funktionen des gesamten K\u00f6rpers: von den Atemwegen bis zum Urogenitalsystem, so dass es als Erste-Hilfe-Mittel gilt. Kann pr\u00e4menstruelle und menopausale Symptome lindern, f\u00f6rdert die Regelm\u00e4\u00dfigkeit des Blutflusses.<\/p>\n<p>Wirkungen: mildes Lokalan\u00e4sthetikum &#8211; antimikrobiell &#8211; entz\u00fcndungshemmend &#8211; entspannend &#8211; Deodorant &#8211; antitoxisch &#8211; wohltuend f\u00fcr die Atemwege &#8211; heilend &#8211; antimykotisch Geeignet bei: unreiner Haut &#8211; zarter und empfindlicher Haut &#8211; Bauchkr\u00e4mpfen und Koliken (Bauchmassage) &#8211; Muskelverspannungen und -kr\u00e4mpfen &#8211; Nesselsucht &#8211; L\u00e4usen &#8211; Fu\u00dfpilz &#8211; Sonnenbrand und Pickeln &#8211; entspannender Massage &#8211; Insektenstichen &#8211; Entz\u00fcndungszust\u00e4nden &#8211; Ausbreitung zur Heilung der Umgebung &#8211; Schuppen und Juckreiz<\/span><\/p>\n<p>\u00c4therische \u00d6le werden aus bestimmten Teilen aromatischer Pflanzen, den so genannten Essenzen, extrahiert. Die Extraktion erfolgt meist durch Wasserdampfdestillation in speziellen Destillierger\u00e4ten. Mit ihm k\u00f6nnen die fl\u00fcchtigsten und lipophilsten Molek\u00fcle der Pflanze gesammelt werden<\/p>\n<p><span data-sheets-value=\"{\"1\":2,\"2\":\"Nota di Cuore. Prodotto nella famosa regione francese della provenza. La lavanda \u00e8 una pianta perfettamente equilibrata. Viene utilizzata in aromaterapia sottile per la sua capacit\u00e0 di agire dal 1\u00b0 al 7\u00b0 chakra. E\u00ec legata a Mercurio e per questo \u00e8 una pianta caratterizzata da leggerezza, velocit\u00e0 e flessibilit\u00e0. Il suo nome ha origine dalla parola \\\"lavare\\\". I romani ne facevano uso nelle loro pratiche di pulizia e nelle terme. L'olio essenziale di lavanda ha svariate propriet\u00e0. Calma e infonde una sensazione di pace alla mente, riequilibra il sistema nervoso e aiuta in caso di insonnia. Ottima per il mal di testa da stress. In mancanza di vigore nervoso per\u00f2 la lavanda funge da stimolante e allevia la stanchezza. Stimola le funzioni di tutto il corpo: dall'apparato respiratorio all'urogenitale, tanto che viene considerata un rimedio di pronto soccorso. Pu\u00f2 alleviare i sintomi premestruali e della menopausa, favorisce la regolarit\u00e0 del flusso.\\nAzioni: blando anestetico locale - antimicrobico - antinfiammatorio - rilassante - deodorante - antitossico - benevolo per le vie respiratorie - cicatrizzante - antimicotico\\nAdatto in caso di: pelle impura - pelle delicata e sensibile - crampi addominali e coliche (massaggio addominale) - tensioni e rigidit\u00e0 muscolari e crampi - orticaria - pidocchi - piede d'atleta - scottature e macchie - massaggio rilassante - punture di insetti - stati di infiammazione - in diffusione per risanare l'ambiente - forfora e pruriti\\n\\nGli oli essenziali vengono estratti da parti specifiche di piante aromatiche dette essenziere. L'estrazione viene per lo pi\u00f9 fatta con il metodo della distillazione in corrente di vapore, ottenuta tramite appositi distillatori. Con essa si riescono a raccogliere le molecole pi\u00f9 volatili e lipofile della pianta\\n-Gli oli essenziali non vanno applicati puri sulla pelle poich\u00e9 possono provocare effetti collaterali, quali irritazioni cutanee, allergie e vere e proprie macchie sulla pelle. E' quindi necessario diluirli sempre in sostanze vettrici come oli base, creme, saponi etc.\\n-Non utilizzarli in trattamenti di donne in gravidanza. Gli O.E. di agrumi (come arancio amaro, bergamotto e limone) contengono sostanze fotosensibilizzanti, non vanno utilizzati prima dell'esposizione al sole. Tenere gli O.E. fuori dalla portata dei bambini. Per escludere eventuali reazioni allergiche, peraltro molto rare, la prima volta che utilizzate un olio essenziale fate una prova con una goccia sull'incavo del gomito. Nel giro di un minuto se non si manifesta nessuna reazione allora potrete usarlo con tranquillit\u00e0 (sempre nelle diluizioni consigliate)\\n-Noce moscata, Salvia, Rosmarino e Timo sono controindicati in caso di epilessia.\\n\"}\" data-sheets-userformat=\"{\"2\":15297,\"3\":{\"1\":0},\"9\":0,\"10\":2,\"11\":0,\"12\":0,\"14\":{\"1\":2,\"2\":0},\"15\":\"Calibri\",\"16\":11}\">-\u00c4therische \u00d6le sollten nicht rein auf die Haut aufgetragen werden, da sie Nebenwirkungen wie Hautreizungen, Allergien und Flecken auf der Haut verursachen k\u00f6nnen. Es ist daher immer notwendig, sie in Vektorsubstanzen wie Basis\u00f6len, Cremes, Seifen usw. zu verd\u00fcnnen.<br \/>\n<\/span><\/p>\n<p><span data-sheets-value=\"{\"1\":2,\"2\":\"Nota di Cuore. Prodotto nella famosa regione francese della provenza. La lavanda \u00e8 una pianta perfettamente equilibrata. Viene utilizzata in aromaterapia sottile per la sua capacit\u00e0 di agire dal 1\u00b0 al 7\u00b0 chakra. E\u00ec legata a Mercurio e per questo \u00e8 una pianta caratterizzata da leggerezza, velocit\u00e0 e flessibilit\u00e0. Il suo nome ha origine dalla parola \\\"lavare\\\". I romani ne facevano uso nelle loro pratiche di pulizia e nelle terme. L'olio essenziale di lavanda ha svariate propriet\u00e0. Calma e infonde una sensazione di pace alla mente, riequilibra il sistema nervoso e aiuta in caso di insonnia. Ottima per il mal di testa da stress. In mancanza di vigore nervoso per\u00f2 la lavanda funge da stimolante e allevia la stanchezza. Stimola le funzioni di tutto il corpo: dall'apparato respiratorio all'urogenitale, tanto che viene considerata un rimedio di pronto soccorso. Pu\u00f2 alleviare i sintomi premestruali e della menopausa, favorisce la regolarit\u00e0 del flusso.\\nAzioni: blando anestetico locale - antimicrobico - antinfiammatorio - rilassante - deodorante - antitossico - benevolo per le vie respiratorie - cicatrizzante - antimicotico\\nAdatto in caso di: pelle impura - pelle delicata e sensibile - crampi addominali e coliche (massaggio addominale) - tensioni e rigidit\u00e0 muscolari e crampi - orticaria - pidocchi - piede d'atleta - scottature e macchie - massaggio rilassante - punture di insetti - stati di infiammazione - in diffusione per risanare l'ambiente - forfora e pruriti\\n\\nGli oli essenziali vengono estratti da parti specifiche di piante aromatiche dette essenziere. L'estrazione viene per lo pi\u00f9 fatta con il metodo della distillazione in corrente di vapore, ottenuta tramite appositi distillatori. Con essa si riescono a raccogliere le molecole pi\u00f9 volatili e lipofile della pianta\\n-Gli oli essenziali non vanno applicati puri sulla pelle poich\u00e9 possono provocare effetti collaterali, quali irritazioni cutanee, allergie e vere e proprie macchie sulla pelle. E' quindi necessario diluirli sempre in sostanze vettrici come oli base, creme, saponi etc.\\n-Non utilizzarli in trattamenti di donne in gravidanza. Gli O.E. di agrumi (come arancio amaro, bergamotto e limone) contengono sostanze fotosensibilizzanti, non vanno utilizzati prima dell'esposizione al sole. Tenere gli O.E. fuori dalla portata dei bambini. Per escludere eventuali reazioni allergiche, peraltro molto rare, la prima volta che utilizzate un olio essenziale fate una prova con una goccia sull'incavo del gomito. Nel giro di un minuto se non si manifesta nessuna reazione allora potrete usarlo con tranquillit\u00e0 (sempre nelle diluizioni consigliate)\\n-Noce moscata, Salvia, Rosmarino e Timo sono controindicati in caso di epilessia.\\n\"}\" data-sheets-userformat=\"{\"2\":15297,\"3\":{\"1\":0},\"9\":0,\"10\":2,\"11\":0,\"12\":0,\"14\":{\"1\":2,\"2\":0},\"15\":\"Calibri\",\"16\":11}\">-Sie d\u00fcrfen nicht bei der Behandlung von Schwangeren eingesetzt werden. Zitrus-O.E. (wie Bitterorange, Bergamotte und Zitrone) enthalten photosensibilisierende Substanzen und sollten nicht vor der Sonneneinstrahlung verwendet werden. Bewahren Sie O.E. au\u00dferhalb der Reichweite von Kindern auf. Um m\u00f6gliche allergische Reaktionen auszuschlie\u00dfen, die sehr selten sind, sollten Sie bei der ersten Anwendung eines \u00e4therischen \u00d6ls einen Tropfen auf Ihre Ellenbeuge geben. Wenn innerhalb einer Minute keine Reaktion auftritt, k\u00f6nnen Sie es sicher verwenden (immer in der empfohlenen Verd\u00fcnnung)<br \/>\n<\/span><\/p>\n<p><span data-sheets-value=\"{\"1\":2,\"2\":\"Nota di Cuore. Prodotto nella famosa regione francese della provenza. La lavanda \u00e8 una pianta perfettamente equilibrata. Viene utilizzata in aromaterapia sottile per la sua capacit\u00e0 di agire dal 1\u00b0 al 7\u00b0 chakra. E\u00ec legata a Mercurio e per questo \u00e8 una pianta caratterizzata da leggerezza, velocit\u00e0 e flessibilit\u00e0. Il suo nome ha origine dalla parola \\\"lavare\\\". I romani ne facevano uso nelle loro pratiche di pulizia e nelle terme. L'olio essenziale di lavanda ha svariate propriet\u00e0. Calma e infonde una sensazione di pace alla mente, riequilibra il sistema nervoso e aiuta in caso di insonnia. Ottima per il mal di testa da stress. In mancanza di vigore nervoso per\u00f2 la lavanda funge da stimolante e allevia la stanchezza. Stimola le funzioni di tutto il corpo: dall'apparato respiratorio all'urogenitale, tanto che viene considerata un rimedio di pronto soccorso. Pu\u00f2 alleviare i sintomi premestruali e della menopausa, favorisce la regolarit\u00e0 del flusso.\\nAzioni: blando anestetico locale - antimicrobico - antinfiammatorio - rilassante - deodorante - antitossico - benevolo per le vie respiratorie - cicatrizzante - antimicotico\\nAdatto in caso di: pelle impura - pelle delicata e sensibile - crampi addominali e coliche (massaggio addominale) - tensioni e rigidit\u00e0 muscolari e crampi - orticaria - pidocchi - piede d'atleta - scottature e macchie - massaggio rilassante - punture di insetti - stati di infiammazione - in diffusione per risanare l'ambiente - forfora e pruriti\\n\\nGli oli essenziali vengono estratti da parti specifiche di piante aromatiche dette essenziere. L'estrazione viene per lo pi\u00f9 fatta con il metodo della distillazione in corrente di vapore, ottenuta tramite appositi distillatori. Con essa si riescono a raccogliere le molecole pi\u00f9 volatili e lipofile della pianta\\n-Gli oli essenziali non vanno applicati puri sulla pelle poich\u00e9 possono provocare effetti collaterali, quali irritazioni cutanee, allergie e vere e proprie macchie sulla pelle. E' quindi necessario diluirli sempre in sostanze vettrici come oli base, creme, saponi etc.\\n-Non utilizzarli in trattamenti di donne in gravidanza. Gli O.E. di agrumi (come arancio amaro, bergamotto e limone) contengono sostanze fotosensibilizzanti, non vanno utilizzati prima dell'esposizione al sole. Tenere gli O.E. fuori dalla portata dei bambini. Per escludere eventuali reazioni allergiche, peraltro molto rare, la prima volta che utilizzate un olio essenziale fate una prova con una goccia sull'incavo del gomito. Nel giro di un minuto se non si manifesta nessuna reazione allora potrete usarlo con tranquillit\u00e0 (sempre nelle diluizioni consigliate)\\n-Noce moscata, Salvia, Rosmarino e Timo sono controindicati in caso di epilessia.\\n\"}\" data-sheets-userformat=\"{\"2\":15297,\"3\":{\"1\":0},\"9\":0,\"10\":2,\"11\":0,\"12\":0,\"14\":{\"1\":2,\"2\":0},\"15\":\"Calibri\",\"16\":11}\">-Muskatnuss, Salbei, Rosmarin und Thymian sind bei Epilepsie kontraindiziert.<br \/>\n<\/span><\/p>\n","protected":false},"excerpt":{"rendered":"<p>\u00c4therisches \u00d6l von , erh\u00e4ltlich in zwei Gr\u00f6\u00dfen, 10 und 30 ml.<\/p>\n","protected":false},"featured_media":37552,"template":"","meta":{"_acf_changed":false},"product_brand":[],"product_cat":[2314,12980],"product_tag":[9663,2323,7581,3649,8394,4260,7228,515,2192,2319],"class_list":{"0":"post-37934","1":"product","2":"type-product","3":"status-publish","4":"has-post-thumbnail","6":"product_cat-essenzen","7":"product_cat-mikrokosmos","8":"product_tag-antitoxisch","9":"product_tag-atherisches-ol-de","10":"product_tag-deodorant-de-2","11":"product_tag-entspannend","12":"product_tag-entzundungshemmend","13":"product_tag-essenz","14":"product_tag-heilung","15":"product_tag-lavendel","16":"product_tag-ol-de","17":"product_tag-wesentlich","18":"pa_formato-10ml-de","19":"pa_formato-30ml-de","21":"first","22":"instock","23":"taxable","24":"shipping-taxable","25":"purchasable","26":"product-type-variable"},"acf":[],"jetpack_sharing_enabled":true,"_links":{"self":[{"href":"https:\/\/cndestetik.ch\/de\/wp-json\/wp\/v2\/product\/37934","targetHints":{"allow":["GET"]}}],"collection":[{"href":"https:\/\/cndestetik.ch\/de\/wp-json\/wp\/v2\/product"}],"about":[{"href":"https:\/\/cndestetik.ch\/de\/wp-json\/wp\/v2\/types\/product"}],"wp:featuredmedia":[{"embeddable":true,"href":"https:\/\/cndestetik.ch\/de\/wp-json\/wp\/v2\/media\/37552"}],"wp:attachment":[{"href":"https:\/\/cndestetik.ch\/de\/wp-json\/wp\/v2\/media?parent=37934"}],"wp:term":[{"taxonomy":"product_brand","embeddable":true,"href":"https:\/\/cndestetik.ch\/de\/wp-json\/wp\/v2\/product_brand?post=37934"},{"taxonomy":"product_cat","embeddable":true,"href":"https:\/\/cndestetik.ch\/de\/wp-json\/wp\/v2\/product_cat?post=37934"},{"taxonomy":"product_tag","embeddable":true,"href":"https:\/\/cndestetik.ch\/de\/wp-json\/wp\/v2\/product_tag?post=37934"}],"curies":[{"name":"wp","href":"https:\/\/api.w.org\/{rel}","templated":true}]}}