{"id":37929,"date":"2020-10-15T11:40:34","date_gmt":"2020-10-15T09:40:34","guid":{"rendered":"https:\/\/ticinoweb01.jcloud.ik-server.com\/cndestetik\/prodotto\/aetherisches-oel-zitrone\/"},"modified":"2020-10-15T11:40:34","modified_gmt":"2020-10-15T09:40:34","slug":"atherisches-ol-limone","status":"publish","type":"product","link":"https:\/\/cndestetik.ch\/de\/prodotto\/atherisches-ol-limone\/","title":{"rendered":"\u00c4therisches \u00d6l Zitrone"},"content":{"rendered":"<p>Kopfnote<\/p>\n<p>Bringt Klarheit, regt die Konzentration und das Ged\u00e4chtnis an Entlastet k\u00f6rperliche und geistige Schwere, geeignet gegen Stress-Kopfschmerzen Topische Anwendung: Ausgezeichneter Aufheller und Ausgleich von Dyschromie Vasokonstriktor, daher ausgezeichnet f\u00fcr Venen und Kapillaren Erfrischend Adstringierend, ausgezeichnet f\u00fcr fettige Haut Tonikum auf der Haut Entgiftend<\/p>\n<p>Schl\u00fcsselwort: Optimismus<\/p>\n<p>*Die \u00e4therischen \u00d6le von Microcosmo werden alle dampfdestilliert, ohne Verwendung von L\u00f6sungsmitteln oder Alkohol, so dass sie 100% rein sind. Sie k\u00f6nnen nur topisch angewendet werden, wenn sie in einem Tr\u00e4gerstoff (\u00d6l, Creme, Schlamm, Tonerde, Masken) verd\u00fcnnt sind, sie verd\u00fcnnen sich nicht in Wasser. Von einer oralen Einnahme ist dringend abzuraten, da seine Reinheit die Schleimh\u00e4ute sch\u00e4digen kann. Sie k\u00f6nnen f\u00fcr die Diffusion in der Umwelt verwendet werden. Au\u00dferhalb der Reichweite von Kindern aufbewahren. W\u00e4hrend der Schwangerschaft nicht topisch anwenden. Wenn Sie sich in pharmakologischer Behandlung befinden, wenden Sie sich an Ihren Arzt.<\/p>\n<p>Zutaten 100% biologisch und nat\u00fcrlich Vegan Cruelty Free<\/p>\n","protected":false},"excerpt":{"rendered":"<p>Kopfnote Bringt Klarheit, regt die Konzentration und das Ged\u00e4chtnis an Entlastet k\u00f6rperliche und geistige Schwere, geeignet gegen Stress-Kopfschmerzen Topische Anwendung: Ausgezeichneter Aufheller und Ausgleich von Dyschromie Vasokonstriktor, daher ausgezeichnet f\u00fcr Venen und Kapillaren Erfrischend Adstringierend, ausgezeichnet f\u00fcr fettige Haut Tonikum auf der Haut Entgiftend Schl\u00fcsselwort: Optimismus *Die \u00e4therischen \u00d6le von Microcosmo werden alle dampfdestilliert, ohne [&hellip;]<\/p>\n","protected":false},"featured_media":37555,"template":"","meta":{"_acf_changed":false},"product_brand":[],"product_cat":[15],"product_tag":[],"class_list":{"0":"post-37929","1":"product","2":"type-product","3":"status-publish","4":"has-post-thumbnail","6":"product_cat-07-cosmetica","8":"first","9":"instock","10":"taxable","11":"shipping-taxable","12":"purchasable","13":"product-type-simple"},"acf":[],"jetpack_sharing_enabled":true,"_links":{"self":[{"href":"https:\/\/cndestetik.ch\/de\/wp-json\/wp\/v2\/product\/37929","targetHints":{"allow":["GET"]}}],"collection":[{"href":"https:\/\/cndestetik.ch\/de\/wp-json\/wp\/v2\/product"}],"about":[{"href":"https:\/\/cndestetik.ch\/de\/wp-json\/wp\/v2\/types\/product"}],"wp:featuredmedia":[{"embeddable":true,"href":"https:\/\/cndestetik.ch\/de\/wp-json\/wp\/v2\/media\/37555"}],"wp:attachment":[{"href":"https:\/\/cndestetik.ch\/de\/wp-json\/wp\/v2\/media?parent=37929"}],"wp:term":[{"taxonomy":"product_brand","embeddable":true,"href":"https:\/\/cndestetik.ch\/de\/wp-json\/wp\/v2\/product_brand?post=37929"},{"taxonomy":"product_cat","embeddable":true,"href":"https:\/\/cndestetik.ch\/de\/wp-json\/wp\/v2\/product_cat?post=37929"},{"taxonomy":"product_tag","embeddable":true,"href":"https:\/\/cndestetik.ch\/de\/wp-json\/wp\/v2\/product_tag?post=37929"}],"curies":[{"name":"wp","href":"https:\/\/api.w.org\/{rel}","templated":true}]}}