{"id":37924,"date":"2020-10-15T11:40:26","date_gmt":"2020-10-15T09:40:26","guid":{"rendered":"https:\/\/ticinoweb01.jcloud.ik-server.com\/cndestetik\/prodotto\/aetherisches-minzoel\/"},"modified":"2020-10-15T11:40:26","modified_gmt":"2020-10-15T09:40:26","slug":"ol-essentielle-minze","status":"publish","type":"product","link":"https:\/\/cndestetik.ch\/de\/prodotto\/ol-essentielle-minze\/","title":{"rendered":"\u00c4therisches Minz\u00f6l"},"content":{"rendered":"<p>Kopfnote<br \/>\nErfrischend, regenerierend, gibt geistige Klarheit und St\u00e4rke, geeignet f\u00fcr Menschen, die dazu neigen, sich von Leidenschaft \u00fcberw\u00e4ltigen zu lassen, hilft, Minderwertigkeitsgef\u00fchle zu \u00fcberwinden, geeignet gegen Kopfschmerzen.<\/p>\n<p>Topische Anwendung:<br \/>\nSehr erfrischend, gibt ein Gef\u00fchl von Leichtigkeit<br \/>\nGegen Bronchialasthma<br \/>\nHautentgiftungsmittel<br \/>\nAusgezeichnete entz\u00fcndungshemmende Wirkung<\/p>\n<p>Schl\u00fcsselwort:  <\/p>\n<p>*Die \u00e4therischen \u00d6le von Microcosmo werden alle dampfdestilliert, ohne Verwendung von L\u00f6sungsmitteln oder Alkohol, so dass sie 100% rein sind.<br \/>\nSie k\u00f6nnen nur topisch angewendet werden, wenn sie in einem Tr\u00e4gerstoff (\u00d6l, Creme, Schlamm, Tonerde, Masken) verd\u00fcnnt sind, sie verd\u00fcnnen sich nicht in Wasser.<br \/>\nVon einer oralen Einnahme ist dringend abzuraten, da seine Reinheit die Schleimh\u00e4ute sch\u00e4digen kann.<br \/>\nSie k\u00f6nnen f\u00fcr die Diffusion in der Umwelt verwendet werden.<\/p>\n<p>Au\u00dferhalb der Reichweite von Kindern aufbewahren. W\u00e4hrend der Schwangerschaft nicht topisch anwenden.<br \/>\nWenn Sie sich in pharmakologischer Behandlung befinden, wenden Sie sich an Ihren Arzt.<\/p>\n<p>100% biologische und nat\u00fcrliche Inhaltsstoffe<br \/>\nVegan<br \/>\nGrausamkeitsfrei<\/p>\n","protected":false},"excerpt":{"rendered":"<p>Kopfnote Erfrischend, regenerierend, gibt geistige Klarheit und St\u00e4rke, geeignet f\u00fcr Menschen, die dazu neigen, sich von Leidenschaft \u00fcberw\u00e4ltigen zu lassen, hilft, Minderwertigkeitsgef\u00fchle zu \u00fcberwinden, geeignet gegen Kopfschmerzen. Topische Anwendung: Sehr erfrischend, gibt ein Gef\u00fchl von Leichtigkeit Gegen Bronchialasthma Hautentgiftungsmittel Ausgezeichnete entz\u00fcndungshemmende Wirkung Schl\u00fcsselwort: *Die \u00e4therischen \u00d6le von Microcosmo werden alle dampfdestilliert, ohne Verwendung von L\u00f6sungsmitteln [&hellip;]<\/p>\n","protected":false},"featured_media":37561,"template":"","meta":{"_acf_changed":false},"product_brand":[],"product_cat":[15],"product_tag":[],"class_list":{"0":"post-37924","1":"product","2":"type-product","3":"status-publish","4":"has-post-thumbnail","6":"product_cat-07-cosmetica","8":"first","9":"instock","10":"taxable","11":"shipping-taxable","12":"purchasable","13":"product-type-simple"},"acf":[],"jetpack_sharing_enabled":true,"_links":{"self":[{"href":"https:\/\/cndestetik.ch\/de\/wp-json\/wp\/v2\/product\/37924","targetHints":{"allow":["GET"]}}],"collection":[{"href":"https:\/\/cndestetik.ch\/de\/wp-json\/wp\/v2\/product"}],"about":[{"href":"https:\/\/cndestetik.ch\/de\/wp-json\/wp\/v2\/types\/product"}],"wp:featuredmedia":[{"embeddable":true,"href":"https:\/\/cndestetik.ch\/de\/wp-json\/wp\/v2\/media\/37561"}],"wp:attachment":[{"href":"https:\/\/cndestetik.ch\/de\/wp-json\/wp\/v2\/media?parent=37924"}],"wp:term":[{"taxonomy":"product_brand","embeddable":true,"href":"https:\/\/cndestetik.ch\/de\/wp-json\/wp\/v2\/product_brand?post=37924"},{"taxonomy":"product_cat","embeddable":true,"href":"https:\/\/cndestetik.ch\/de\/wp-json\/wp\/v2\/product_cat?post=37924"},{"taxonomy":"product_tag","embeddable":true,"href":"https:\/\/cndestetik.ch\/de\/wp-json\/wp\/v2\/product_tag?post=37924"}],"curies":[{"name":"wp","href":"https:\/\/api.w.org\/{rel}","templated":true}]}}