{"id":37922,"date":"2020-10-15T11:40:12","date_gmt":"2020-10-15T09:40:12","guid":{"rendered":"https:\/\/ticinoweb01.jcloud.ik-server.com\/cndestetik\/prodotto\/aetherisches-salbeioel\/"},"modified":"2025-01-22T16:11:33","modified_gmt":"2025-01-22T15:11:33","slug":"salbei-essenzielles-ol","status":"publish","type":"product","link":"https:\/\/cndestetik.ch\/de\/prodotto\/salbei-essenzielles-ol\/","title":{"rendered":"\u00c4therisches Salbei\u00f6l"},"content":{"rendered":"<p><span data-sheets-value=\"{\"1\":2,\"2\":\"Nota di Cuore\/Testa. Aiuta ad equilibrare le emozioni - aiuta a guardarsi dentro - solleva l'umore - aiuta ad oltrepassare i propri limiti.\\nAzioni: antiossidante - antiradicalico - detossinante - regolatore di sebo - ottimo su pelli acneiche o secche - deodorante - antisettico - antibatterico\\nAdatto in caso di: massaggi rigeneranti e depurativi - trattamento anti-age - pelle spenta e opaca - pelle secca o grassa. N.B: diluizione 0,5 - 1 %\\n\\nGli oli essenziali vengono estratti da parti specifiche di piante aromatiche dette essenziere. L'estrazione viene per lo pi\u00f9 fatta con il metodo della distillazione in corrente di vapore, ottenuta tramite appositi distillatori. Con essa si riescono a raccogliere le molecole pi\u00f9 volatili e lipofile della pianta\\n-Gli oli essenziali non vanno applicati puri sulla pelle poich\u00e9 possono provocare effetti collaterali, quali irritazioni cutanee, allergie e vere e proprie macchie sulla pelle. E' quindi necessario diluirli sempre in sostanze vettrici come oli base, creme, saponi etc.\\n-Non utilizzarli in trattamenti di donne in gravidanza. Gli O.E. di agrumi (come arancio amaro, bergamotto e limone) contengono sostanze fotosensibilizzanti, non vanno utilizzati prima dell'esposizione al sole. Tenere gli O.E. fuori dalla portata dei bambini. Per escludere eventuali reazioni allergiche, peraltro molto rare, la prima volta che utilizzate un olio essenziale fate una prova con una goccia sull'incavo del gomito. Nel giro di un minuto se non si manifesta nessuna reazione allora potrete usarlo con tranquillit\u00e0 (sempre nelle diluizioni consigliate)\\n-Noce moscata, Salvia, Rosmarino e Timo sono controindicati in caso di epilessia.\"}\" data-sheets-userformat=\"{\"2\":15297,\"3\":{\"1\":0},\"9\":0,\"10\":2,\"11\":0,\"12\":0,\"14\":{\"1\":2,\"2\":0},\"15\":\"Calibri\",\"16\":11}\">Herz-\/Kopfnote. <\/p>\n<p>Hilft, die Emotionen ins Gleichgewicht zu bringen &#8211; hilft, nach innen zu schauen &#8211; hebt die Stimmung &#8211; hilft, \u00fcber die eigenen Grenzen hinauszugehen. Wirkungen: antioxidativ &#8211; antiradikal &#8211; entgiftend &#8211; talgregulierend &#8211; ausgezeichnet bei zu Akne neigender oder trockener Haut &#8211; deodorierend &#8211; antiseptisch &#8211; antibakteriell Geeignet f\u00fcr: regenerierende und reinigende Massagen &#8211; Anti-Aging-Behandlung &#8211; stumpfe, glanzlose Haut &#8211; trockene oder fettige Haut. <\/span><\/p>\n<p><span data-sheets-value=\"{\"1\":2,\"2\":\"Nota di Cuore\/Testa. Aiuta ad equilibrare le emozioni - aiuta a guardarsi dentro - solleva l'umore - aiuta ad oltrepassare i propri limiti.\\nAzioni: antiossidante - antiradicalico - detossinante - regolatore di sebo - ottimo su pelli acneiche o secche - deodorante - antisettico - antibatterico\\nAdatto in caso di: massaggi rigeneranti e depurativi - trattamento anti-age - pelle spenta e opaca - pelle secca o grassa. N.B: diluizione 0,5 - 1 %\\n\\nGli oli essenziali vengono estratti da parti specifiche di piante aromatiche dette essenziere. L'estrazione viene per lo pi\u00f9 fatta con il metodo della distillazione in corrente di vapore, ottenuta tramite appositi distillatori. Con essa si riescono a raccogliere le molecole pi\u00f9 volatili e lipofile della pianta\\n-Gli oli essenziali non vanno applicati puri sulla pelle poich\u00e9 possono provocare effetti collaterali, quali irritazioni cutanee, allergie e vere e proprie macchie sulla pelle. E' quindi necessario diluirli sempre in sostanze vettrici come oli base, creme, saponi etc.\\n-Non utilizzarli in trattamenti di donne in gravidanza. Gli O.E. di agrumi (come arancio amaro, bergamotto e limone) contengono sostanze fotosensibilizzanti, non vanno utilizzati prima dell'esposizione al sole. Tenere gli O.E. fuori dalla portata dei bambini. Per escludere eventuali reazioni allergiche, peraltro molto rare, la prima volta che utilizzate un olio essenziale fate una prova con una goccia sull'incavo del gomito. Nel giro di un minuto se non si manifesta nessuna reazione allora potrete usarlo con tranquillit\u00e0 (sempre nelle diluizioni consigliate)\\n-Noce moscata, Salvia, Rosmarino e Timo sono controindicati in caso di epilessia.\"}\" data-sheets-userformat=\"{\"2\":15297,\"3\":{\"1\":0},\"9\":0,\"10\":2,\"11\":0,\"12\":0,\"14\":{\"1\":2,\"2\":0},\"15\":\"Calibri\",\"16\":11}\">N.B: Verd\u00fcnnung <\/span><span data-sheets-value=\"{\"1\":2,\"2\":\"Nota di Cuore\/Testa. Aiuta ad equilibrare le emozioni - aiuta a guardarsi dentro - solleva l'umore - aiuta ad oltrepassare i propri limiti.\\nAzioni: antiossidante - antiradicalico - detossinante - regolatore di sebo - ottimo su pelli acneiche o secche - deodorante - antisettico - antibatterico\\nAdatto in caso di: massaggi rigeneranti e depurativi - trattamento anti-age - pelle spenta e opaca - pelle secca o grassa. N.B: diluizione 0,5 - 1 %\\n\\nGli oli essenziali vengono estratti da parti specifiche di piante aromatiche dette essenziere. L'estrazione viene per lo pi\u00f9 fatta con il metodo della distillazione in corrente di vapore, ottenuta tramite appositi distillatori. Con essa si riescono a raccogliere le molecole pi\u00f9 volatili e lipofile della pianta\\n-Gli oli essenziali non vanno applicati puri sulla pelle poich\u00e9 possono provocare effetti collaterali, quali irritazioni cutanee, allergie e vere e proprie macchie sulla pelle. E' quindi necessario diluirli sempre in sostanze vettrici come oli base, creme, saponi etc.\\n-Non utilizzarli in trattamenti di donne in gravidanza. Gli O.E. di agrumi (come arancio amaro, bergamotto e limone) contengono sostanze fotosensibilizzanti, non vanno utilizzati prima dell'esposizione al sole. Tenere gli O.E. fuori dalla portata dei bambini. Per escludere eventuali reazioni allergiche, peraltro molto rare, la prima volta che utilizzate un olio essenziale fate una prova con una goccia sull'incavo del gomito. Nel giro di un minuto se non si manifesta nessuna reazione allora potrete usarlo con tranquillit\u00e0 (sempre nelle diluizioni consigliate)\\n-Noce moscata, Salvia, Rosmarino e Timo sono controindicati in caso di epilessia.\"}\" data-sheets-userformat=\"{\"2\":15297,\"3\":{\"1\":0},\"9\":0,\"10\":2,\"11\":0,\"12\":0,\"14\":{\"1\":2,\"2\":0},\"15\":\"Calibri\",\"16\":11}\">0,5 &#8211; 1 %<\/span><\/p>\n<p>\u00c4therische \u00d6le werden aus bestimmten Teilen aromatischer Pflanzen, den so genannten Essenzen, extrahiert. Die Extraktion erfolgt meist durch Wasserdampfdestillation in speziellen Destillierger\u00e4ten. Mit ihm k\u00f6nnen die fl\u00fcchtigsten und lipophilsten Molek\u00fcle der Pflanze gesammelt werden<\/p>\n<p><span data-sheets-value=\"{\"1\":2,\"2\":\"Nota di Cuore\/Testa. Aiuta ad equilibrare le emozioni - aiuta a guardarsi dentro - solleva l'umore - aiuta ad oltrepassare i propri limiti.\\nAzioni: antiossidante - antiradicalico - detossinante - regolatore di sebo - ottimo su pelli acneiche o secche - deodorante - antisettico - antibatterico\\nAdatto in caso di: massaggi rigeneranti e depurativi - trattamento anti-age - pelle spenta e opaca - pelle secca o grassa. N.B: diluizione 0,5 - 1 %\\n\\nGli oli essenziali vengono estratti da parti specifiche di piante aromatiche dette essenziere. L'estrazione viene per lo pi\u00f9 fatta con il metodo della distillazione in corrente di vapore, ottenuta tramite appositi distillatori. Con essa si riescono a raccogliere le molecole pi\u00f9 volatili e lipofile della pianta\\n-Gli oli essenziali non vanno applicati puri sulla pelle poich\u00e9 possono provocare effetti collaterali, quali irritazioni cutanee, allergie e vere e proprie macchie sulla pelle. E' quindi necessario diluirli sempre in sostanze vettrici come oli base, creme, saponi etc.\\n-Non utilizzarli in trattamenti di donne in gravidanza. Gli O.E. di agrumi (come arancio amaro, bergamotto e limone) contengono sostanze fotosensibilizzanti, non vanno utilizzati prima dell'esposizione al sole. Tenere gli O.E. fuori dalla portata dei bambini. Per escludere eventuali reazioni allergiche, peraltro molto rare, la prima volta che utilizzate un olio essenziale fate una prova con una goccia sull'incavo del gomito. Nel giro di un minuto se non si manifesta nessuna reazione allora potrete usarlo con tranquillit\u00e0 (sempre nelle diluizioni consigliate)\\n-Noce moscata, Salvia, Rosmarino e Timo sono controindicati in caso di epilessia.\"}\" data-sheets-userformat=\"{\"2\":15297,\"3\":{\"1\":0},\"9\":0,\"10\":2,\"11\":0,\"12\":0,\"14\":{\"1\":2,\"2\":0},\"15\":\"Calibri\",\"16\":11}\">-\u00c4therische \u00d6le sollten nicht rein auf die Haut aufgetragen werden, da sie Nebenwirkungen wie Hautreizungen, Allergien und Flecken auf der Haut verursachen k\u00f6nnen. Es ist daher immer notwendig, sie in Vektorsubstanzen wie Basis\u00f6len, Cremes, Seifen usw. zu verd\u00fcnnen.<br \/>\n<\/span><\/p>\n<p><span data-sheets-value=\"{\"1\":2,\"2\":\"Nota di Cuore\/Testa. Aiuta ad equilibrare le emozioni - aiuta a guardarsi dentro - solleva l'umore - aiuta ad oltrepassare i propri limiti.\\nAzioni: antiossidante - antiradicalico - detossinante - regolatore di sebo - ottimo su pelli acneiche o secche - deodorante - antisettico - antibatterico\\nAdatto in caso di: massaggi rigeneranti e depurativi - trattamento anti-age - pelle spenta e opaca - pelle secca o grassa. N.B: diluizione 0,5 - 1 %\\n\\nGli oli essenziali vengono estratti da parti specifiche di piante aromatiche dette essenziere. L'estrazione viene per lo pi\u00f9 fatta con il metodo della distillazione in corrente di vapore, ottenuta tramite appositi distillatori. Con essa si riescono a raccogliere le molecole pi\u00f9 volatili e lipofile della pianta\\n-Gli oli essenziali non vanno applicati puri sulla pelle poich\u00e9 possono provocare effetti collaterali, quali irritazioni cutanee, allergie e vere e proprie macchie sulla pelle. E' quindi necessario diluirli sempre in sostanze vettrici come oli base, creme, saponi etc.\\n-Non utilizzarli in trattamenti di donne in gravidanza. Gli O.E. di agrumi (come arancio amaro, bergamotto e limone) contengono sostanze fotosensibilizzanti, non vanno utilizzati prima dell'esposizione al sole. Tenere gli O.E. fuori dalla portata dei bambini. Per escludere eventuali reazioni allergiche, peraltro molto rare, la prima volta che utilizzate un olio essenziale fate una prova con una goccia sull'incavo del gomito. Nel giro di un minuto se non si manifesta nessuna reazione allora potrete usarlo con tranquillit\u00e0 (sempre nelle diluizioni consigliate)\\n-Noce moscata, Salvia, Rosmarino e Timo sono controindicati in caso di epilessia.\"}\" data-sheets-userformat=\"{\"2\":15297,\"3\":{\"1\":0},\"9\":0,\"10\":2,\"11\":0,\"12\":0,\"14\":{\"1\":2,\"2\":0},\"15\":\"Calibri\",\"16\":11}\">-Sie d\u00fcrfen nicht bei der Behandlung von Schwangeren eingesetzt werden. Zitrus-O.E. (wie Bitterorange, Bergamotte und Zitrone) enthalten photosensibilisierende Substanzen und sollten nicht vor der Sonneneinstrahlung verwendet werden. Bewahren Sie O.E. au\u00dferhalb der Reichweite von Kindern auf. Um m\u00f6gliche allergische Reaktionen auszuschlie\u00dfen, die sehr selten sind, sollten Sie bei der ersten Anwendung eines \u00e4therischen \u00d6ls einen Tropfen auf Ihre Ellenbeuge geben. Wenn innerhalb einer Minute keine Reaktion auftritt, k\u00f6nnen Sie es sicher verwenden (immer in der empfohlenen Verd\u00fcnnung)<br \/>\n<\/span><\/p>\n<p><span data-sheets-value=\"{\"1\":2,\"2\":\"Nota di Cuore\/Testa. Aiuta ad equilibrare le emozioni - aiuta a guardarsi dentro - solleva l'umore - aiuta ad oltrepassare i propri limiti.\\nAzioni: antiossidante - antiradicalico - detossinante - regolatore di sebo - ottimo su pelli acneiche o secche - deodorante - antisettico - antibatterico\\nAdatto in caso di: massaggi rigeneranti e depurativi - trattamento anti-age - pelle spenta e opaca - pelle secca o grassa. N.B: diluizione 0,5 - 1 %\\n\\nGli oli essenziali vengono estratti da parti specifiche di piante aromatiche dette essenziere. L'estrazione viene per lo pi\u00f9 fatta con il metodo della distillazione in corrente di vapore, ottenuta tramite appositi distillatori. Con essa si riescono a raccogliere le molecole pi\u00f9 volatili e lipofile della pianta\\n-Gli oli essenziali non vanno applicati puri sulla pelle poich\u00e9 possono provocare effetti collaterali, quali irritazioni cutanee, allergie e vere e proprie macchie sulla pelle. E' quindi necessario diluirli sempre in sostanze vettrici come oli base, creme, saponi etc.\\n-Non utilizzarli in trattamenti di donne in gravidanza. Gli O.E. di agrumi (come arancio amaro, bergamotto e limone) contengono sostanze fotosensibilizzanti, non vanno utilizzati prima dell'esposizione al sole. Tenere gli O.E. fuori dalla portata dei bambini. Per escludere eventuali reazioni allergiche, peraltro molto rare, la prima volta che utilizzate un olio essenziale fate una prova con una goccia sull'incavo del gomito. Nel giro di un minuto se non si manifesta nessuna reazione allora potrete usarlo con tranquillit\u00e0 (sempre nelle diluizioni consigliate)\\n-Noce moscata, Salvia, Rosmarino e Timo sono controindicati in caso di epilessia.\"}\" data-sheets-userformat=\"{\"2\":15297,\"3\":{\"1\":0},\"9\":0,\"10\":2,\"11\":0,\"12\":0,\"14\":{\"1\":2,\"2\":0},\"15\":\"Calibri\",\"16\":11}\">-Muskatnuss, Salbei, Rosmarin und Thymian sind bei Epilepsie kontraindiziert.<\/span><\/p>\n","protected":false},"excerpt":{"rendered":"<p>\u00c4therisches Salbei\u00f6l, erh\u00e4ltlich in zwei Gr\u00f6\u00dfen, 10 oder 30 ml.<\/p>\n","protected":false},"featured_media":37573,"template":"","meta":{"_acf_changed":false},"product_brand":[],"product_cat":[2314,12980],"product_tag":[9624,3689,9143,2323,2045,4260,2192,499,2319],"class_list":{"0":"post-37922","1":"product","2":"type-product","3":"status-publish","4":"has-post-thumbnail","6":"product_cat-essenzen","7":"product_cat-mikrokosmos","8":"product_tag-antibakteriell-de","9":"product_tag-antioxidans","10":"product_tag-antiseptisch","11":"product_tag-atherisches-ol-de","12":"product_tag-entgiftung","13":"product_tag-essenz","14":"product_tag-ol-de","15":"product_tag-salbei","16":"product_tag-wesentlich","17":"pa_formato-10ml-de","18":"pa_formato-30ml-de","20":"first","21":"instock","22":"taxable","23":"shipping-taxable","24":"purchasable","25":"product-type-variable"},"acf":[],"jetpack_sharing_enabled":true,"_links":{"self":[{"href":"https:\/\/cndestetik.ch\/de\/wp-json\/wp\/v2\/product\/37922","targetHints":{"allow":["GET"]}}],"collection":[{"href":"https:\/\/cndestetik.ch\/de\/wp-json\/wp\/v2\/product"}],"about":[{"href":"https:\/\/cndestetik.ch\/de\/wp-json\/wp\/v2\/types\/product"}],"wp:featuredmedia":[{"embeddable":true,"href":"https:\/\/cndestetik.ch\/de\/wp-json\/wp\/v2\/media\/37573"}],"wp:attachment":[{"href":"https:\/\/cndestetik.ch\/de\/wp-json\/wp\/v2\/media?parent=37922"}],"wp:term":[{"taxonomy":"product_brand","embeddable":true,"href":"https:\/\/cndestetik.ch\/de\/wp-json\/wp\/v2\/product_brand?post=37922"},{"taxonomy":"product_cat","embeddable":true,"href":"https:\/\/cndestetik.ch\/de\/wp-json\/wp\/v2\/product_cat?post=37922"},{"taxonomy":"product_tag","embeddable":true,"href":"https:\/\/cndestetik.ch\/de\/wp-json\/wp\/v2\/product_tag?post=37922"}],"curies":[{"name":"wp","href":"https:\/\/api.w.org\/{rel}","templated":true}]}}