{"id":37903,"date":"2020-10-15T11:38:17","date_gmt":"2020-10-15T09:38:17","guid":{"rendered":"https:\/\/ticinoweb01.jcloud.ik-server.com\/cndestetik\/prodotto\/rizinusoel\/"},"modified":"2025-01-24T08:18:31","modified_gmt":"2025-01-24T07:18:31","slug":"ol-der-ricino","status":"publish","type":"product","link":"https:\/\/cndestetik.ch\/de\/prodotto\/ol-der-ricino\/","title":{"rendered":"Rizinus\u00f6l"},"content":{"rendered":"<p>Enth\u00e4lt Glyceride der Ricinus-, Isoricinus-, Steraicus- und Linols\u00e4ure. Geeignet f\u00fcr besonders trockene, spr\u00f6de, rissige und leidende Hautpartien; geeignet f\u00fcr Spliss und dauergewelltes Haar, Alopezie und Haarausfall.<\/p>\n<p>Geeignet f\u00fcr N\u00e4gel. Angezeigt zur Erweichung von H\u00fchneraugen und Schwielen, f\u00fcr Wimpern und Augenbrauen und zur Wundheilung. Empfohlen warm auf R\u00fcckenschmerzen, Menstruationsschmerzen und Mastitis.<\/p>\n<p>Gr\u00f6\u00dfe: 100ml<\/p>\n","protected":false},"excerpt":{"rendered":"<p>Geeignet f\u00fcr N\u00e4gel. Angezeigt zur Erweichung von H\u00fchneraugen und Schwielen, f\u00fcr Wimpern und Augenbrauen und zur Wundheilung. Empfohlen warm auf R\u00fcckenschmerzen, Menstruationsschmerzen und Mastitis.<\/p>\n","protected":false},"featured_media":37657,"template":"","meta":{"_acf_changed":false},"product_brand":[],"product_cat":[12985,12988,1495,2128,12980],"product_tag":[2130,1373,3375,4732,1021,3376,1357,2192,477,721],"class_list":{"0":"post-37903","1":"product","2":"type-product","3":"status-publish","4":"has-post-thumbnail","6":"product_cat-body","7":"product_cat-gesicht","8":"product_cat-kosmetik","9":"product_cat-lash-brow-de","10":"product_cat-mikrokosmos","11":"product_tag-augenbrauen","12":"product_tag-calli-de","13":"product_tag-duroni-de","14":"product_tag-gemuse","15":"product_tag-haar","16":"product_tag-honigol","17":"product_tag-nagel-de-2","18":"product_tag-ol-de","19":"product_tag-rolle","20":"product_tag-wimpern","22":"first","23":"instock","24":"taxable","25":"shipping-taxable","26":"purchasable","27":"product-type-simple"},"acf":[],"jetpack_sharing_enabled":true,"_links":{"self":[{"href":"https:\/\/cndestetik.ch\/de\/wp-json\/wp\/v2\/product\/37903","targetHints":{"allow":["GET"]}}],"collection":[{"href":"https:\/\/cndestetik.ch\/de\/wp-json\/wp\/v2\/product"}],"about":[{"href":"https:\/\/cndestetik.ch\/de\/wp-json\/wp\/v2\/types\/product"}],"wp:featuredmedia":[{"embeddable":true,"href":"https:\/\/cndestetik.ch\/de\/wp-json\/wp\/v2\/media\/37657"}],"wp:attachment":[{"href":"https:\/\/cndestetik.ch\/de\/wp-json\/wp\/v2\/media?parent=37903"}],"wp:term":[{"taxonomy":"product_brand","embeddable":true,"href":"https:\/\/cndestetik.ch\/de\/wp-json\/wp\/v2\/product_brand?post=37903"},{"taxonomy":"product_cat","embeddable":true,"href":"https:\/\/cndestetik.ch\/de\/wp-json\/wp\/v2\/product_cat?post=37903"},{"taxonomy":"product_tag","embeddable":true,"href":"https:\/\/cndestetik.ch\/de\/wp-json\/wp\/v2\/product_tag?post=37903"}],"curies":[{"name":"wp","href":"https:\/\/api.w.org\/{rel}","templated":true}]}}