{"id":37902,"date":"2020-10-15T11:38:21","date_gmt":"2020-10-15T09:38:21","guid":{"rendered":"https:\/\/ticinoweb01.jcloud.ik-server.com\/cndestetik\/prodotto\/aprikosenkernoel\/"},"modified":"2025-01-24T08:18:37","modified_gmt":"2025-01-24T07:18:37","slug":"aprikosen-nussol","status":"publish","type":"product","link":"https:\/\/cndestetik.ch\/de\/prodotto\/aprikosen-nussol\/","title":{"rendered":"Aprikosenkern\u00f6l"},"content":{"rendered":"<p><span data-sheets-value=\"{\"1\":2,\"2\":\"Ottenuto dalla spremitura a freddo dei noccioli di Prunus armeniaca. E' un olio leggerissimo, ricchissimo di acidi insaturi e vitamina E. Nell'uso cosmetico \u00e8 indicato per massaggi sul corpo e sul viso ad effetto elasticizzante e antismagliature. Sul viso in particolare \u00e8 ottimo per le pelli miste e\/o secche perch\u00e8 stimola la produzione di sebo. E' fortemente antiossidante emolliente e nutriente, quindi ottimo nel trattamento delle rughe e in generale pelli mature e sciupate. La sua consistenza molto fine lo rende poco untuoso e di facilissimo assorbimento. Pu\u00f2 essere usato come struccante, delicatissimo e naturale. Sui capelli viene utilizzato come impacco per renderli lucidi e morbidi. Ottimo olio per il massaggio dei neonati. Da usare su tutti i tipi di pelli, sia giovani che mature, fini, sensibili, infiammate e secche; eczemi, pruriti e gonfiori; impacco per capelli; come struccante.\"}\" data-sheets-userformat=\"{\"2\":15297,\"3\":{\"1\":0},\"9\":0,\"10\":2,\"11\":0,\"12\":0,\"14\":{\"1\":2,\"2\":0},\"15\":\"Calibri\",\"16\":11}\">Gewonnen durch Kaltpressung der Steine von Prunus armeniaca. Es ist ein sehr leichtes \u00d6l, das reich an unges\u00e4ttigten S\u00e4uren und Vitamin E ist. In der Kosmetik eignet es sich f\u00fcr K\u00f6rper- und Gesichtsmassagen mit elastisierender und dehnungshemmender Wirkung. Vor allem im Gesicht ist sie hervorragend f\u00fcr Mischhaut und\/oder trockene Haut geeignet, da sie die Talgproduktion anregt.  <\/span><\/p>\n<p><span data-sheets-value=\"{\"1\":2,\"2\":\"Ottenuto dalla spremitura a freddo dei noccioli di Prunus armeniaca. E' un olio leggerissimo, ricchissimo di acidi insaturi e vitamina E. Nell'uso cosmetico \u00e8 indicato per massaggi sul corpo e sul viso ad effetto elasticizzante e antismagliature. Sul viso in particolare \u00e8 ottimo per le pelli miste e\/o secche perch\u00e8 stimola la produzione di sebo. E' fortemente antiossidante emolliente e nutriente, quindi ottimo nel trattamento delle rughe e in generale pelli mature e sciupate. La sua consistenza molto fine lo rende poco untuoso e di facilissimo assorbimento. Pu\u00f2 essere usato come struccante, delicatissimo e naturale. Sui capelli viene utilizzato come impacco per renderli lucidi e morbidi. Ottimo olio per il massaggio dei neonati. Da usare su tutti i tipi di pelli, sia giovani che mature, fini, sensibili, infiammate e secche; eczemi, pruriti e gonfiori; impacco per capelli; come struccante.\"}\" data-sheets-userformat=\"{\"2\":15297,\"3\":{\"1\":0},\"9\":0,\"10\":2,\"11\":0,\"12\":0,\"14\":{\"1\":2,\"2\":0},\"15\":\"Calibri\",\"16\":11}\">Es ist stark antioxidativ, erweichend und n\u00e4hrend und eignet sich daher hervorragend f\u00fcr die Behandlung von Falten und allgemein reifer und gesch\u00e4digter Haut. Seine sehr feine Konsistenz macht es nicht sehr fettig und zieht sehr leicht ein. Es kann als Make-up-Entferner verwendet werden, sanft und nat\u00fcrlich. Auf dem Haar wird es als Packung verwendet, um es gl\u00e4nzend und weich zu machen. Ausgezeichnetes Massage\u00f6l f\u00fcr S\u00e4uglinge.  <\/span><\/p>\n<p><span data-sheets-value=\"{\"1\":2,\"2\":\"Ottenuto dalla spremitura a freddo dei noccioli di Prunus armeniaca. E' un olio leggerissimo, ricchissimo di acidi insaturi e vitamina E. Nell'uso cosmetico \u00e8 indicato per massaggi sul corpo e sul viso ad effetto elasticizzante e antismagliature. Sul viso in particolare \u00e8 ottimo per le pelli miste e\/o secche perch\u00e8 stimola la produzione di sebo. E' fortemente antiossidante emolliente e nutriente, quindi ottimo nel trattamento delle rughe e in generale pelli mature e sciupate. La sua consistenza molto fine lo rende poco untuoso e di facilissimo assorbimento. Pu\u00f2 essere usato come struccante, delicatissimo e naturale. Sui capelli viene utilizzato come impacco per renderli lucidi e morbidi. Ottimo olio per il massaggio dei neonati. Da usare su tutti i tipi di pelli, sia giovani che mature, fini, sensibili, infiammate e secche; eczemi, pruriti e gonfiori; impacco per capelli; come struccante.\"}\" data-sheets-userformat=\"{\"2\":15297,\"3\":{\"1\":0},\"9\":0,\"10\":2,\"11\":0,\"12\":0,\"14\":{\"1\":2,\"2\":0},\"15\":\"Calibri\",\"16\":11}\">F\u00fcr alle Hauttypen, sowohl junge als auch reife, feine, empfindliche, entz\u00fcndete und trockene Haut; Ekzeme, Juckreiz und Schwellungen; Haarpackung; als Make-up-Entferner.<\/span><\/p>\n","protected":false},"excerpt":{"rendered":"<p>Aprikosenkern\u00f6l, erh\u00e4ltlich in zwei verschiedenen Formaten.<\/p>\n","protected":false},"featured_media":36702,"template":"","meta":{"_acf_changed":false},"product_brand":[],"product_cat":[12985,12988,1495,12980,9904],"product_tag":[4727,4779,4732,4735,4781,2192],"class_list":{"0":"post-37902","1":"product","2":"type-product","3":"status-publish","4":"has-post-thumbnail","6":"product_cat-body","7":"product_cat-gesicht","8":"product_cat-kosmetik","9":"product_cat-mikrokosmos","10":"product_cat-pink-bird","11":"product_tag-aprikose","12":"product_tag-aprikosenkern","13":"product_tag-gemuse","14":"product_tag-kernel","15":"product_tag-make-up-entferner","16":"product_tag-ol-de","17":"pa_formato-100ml-de","18":"pa_formato-500ml-de","20":"first","21":"instock","22":"taxable","23":"shipping-taxable","24":"purchasable","25":"product-type-variable","26":"has-default-attributes"},"acf":[],"jetpack_sharing_enabled":true,"_links":{"self":[{"href":"https:\/\/cndestetik.ch\/de\/wp-json\/wp\/v2\/product\/37902","targetHints":{"allow":["GET"]}}],"collection":[{"href":"https:\/\/cndestetik.ch\/de\/wp-json\/wp\/v2\/product"}],"about":[{"href":"https:\/\/cndestetik.ch\/de\/wp-json\/wp\/v2\/types\/product"}],"wp:featuredmedia":[{"embeddable":true,"href":"https:\/\/cndestetik.ch\/de\/wp-json\/wp\/v2\/media\/36702"}],"wp:attachment":[{"href":"https:\/\/cndestetik.ch\/de\/wp-json\/wp\/v2\/media?parent=37902"}],"wp:term":[{"taxonomy":"product_brand","embeddable":true,"href":"https:\/\/cndestetik.ch\/de\/wp-json\/wp\/v2\/product_brand?post=37902"},{"taxonomy":"product_cat","embeddable":true,"href":"https:\/\/cndestetik.ch\/de\/wp-json\/wp\/v2\/product_cat?post=37902"},{"taxonomy":"product_tag","embeddable":true,"href":"https:\/\/cndestetik.ch\/de\/wp-json\/wp\/v2\/product_tag?post=37902"}],"curies":[{"name":"wp","href":"https:\/\/api.w.org\/{rel}","templated":true}]}}