{"id":37896,"date":"2020-10-15T11:38:07","date_gmt":"2020-10-15T09:38:07","guid":{"rendered":"https:\/\/ticinoweb01.jcloud.ik-server.com\/cndestetik\/prodotto\/leinsamenoel\/"},"modified":"2025-01-24T08:18:29","modified_gmt":"2025-01-24T07:18:29","slug":"leinsamenol","status":"publish","type":"product","link":"https:\/\/cndestetik.ch\/de\/prodotto\/leinsamenol\/","title":{"rendered":"Leinsamen\u00f6l"},"content":{"rendered":"<p><span data-sheets-value=\"{\"1\":2,\"2\":\"Viene estratto dai semi di Linum usitassimum ed \u00e8 molto ricco, a differenza degli altri oli vegetali, di acido linoleico, il capostipite degli omega 3. L'olio di semi di Lino \u00e8 utile in caso di pelle secca o squamosa, smagliature e psoriasi ma anche pelle grassa e acne. E' famoso per il suo utilizzo sui capelli che nutre e protegge donando loro lucentezza (passate con delicatezza qualche goccia di olio sulle punte dei capelli sfregando delicatamente). E' un olio che ha un ottimo effetto antiossidante ma, proprio per le sue caratteristiche organolettiche utili in cosmetica, irrancidisce facilmente, \u00e8 quindi opportuno conservarlo al meglio: lontano da luce, fonti di calore e aria (chiudere bene il tappo dopo l'uso). Da usare sulla pelle secca, squamosa, grassa, acne, psoriasi, eczemi, smagliature, cicatrici in generale, capelli.\"}\" data-sheets-userformat=\"{\"2\":15297,\"3\":{\"1\":0},\"9\":0,\"10\":2,\"11\":0,\"12\":0,\"14\":{\"1\":2,\"2\":0},\"15\":\"Calibri\",\"16\":11}\">Es wird aus den Samen von Linum usitassimum gewonnen und ist im Gegensatz zu anderen Pflanzen\u00f6len sehr reich an Linols\u00e4ure, dem Vorl\u00e4ufer der Omega-3-Fetts\u00e4uren. Lein\u00f6l ist n\u00fctzlich bei trockener oder schuppiger Haut, Dehnungsstreifen und Schuppenflechte, aber auch bei fettiger Haut und Akne.  <\/span><\/p>\n<p><span data-sheets-value=\"{\"1\":2,\"2\":\"Viene estratto dai semi di Linum usitassimum ed \u00e8 molto ricco, a differenza degli altri oli vegetali, di acido linoleico, il capostipite degli omega 3. L'olio di semi di Lino \u00e8 utile in caso di pelle secca o squamosa, smagliature e psoriasi ma anche pelle grassa e acne. E' famoso per il suo utilizzo sui capelli che nutre e protegge donando loro lucentezza (passate con delicatezza qualche goccia di olio sulle punte dei capelli sfregando delicatamente). E' un olio che ha un ottimo effetto antiossidante ma, proprio per le sue caratteristiche organolettiche utili in cosmetica, irrancidisce facilmente, \u00e8 quindi opportuno conservarlo al meglio: lontano da luce, fonti di calore e aria (chiudere bene il tappo dopo l'uso). Da usare sulla pelle secca, squamosa, grassa, acne, psoriasi, eczemi, smagliature, cicatrici in generale, capelli.\"}\" data-sheets-userformat=\"{\"2\":15297,\"3\":{\"1\":0},\"9\":0,\"10\":2,\"11\":0,\"12\":0,\"14\":{\"1\":2,\"2\":0},\"15\":\"Calibri\",\"16\":11}\">Es ist ber\u00fchmt f\u00fcr seine Anwendung auf dem Haar, das es n\u00e4hrt und sch\u00fctzt und ihm gleichzeitig Glanz verleiht (ein paar Tropfen \u00d6l sanft in die Haarspitzen einmassieren). Es handelt sich um ein \u00d6l, das eine ausgezeichnete antioxidative Wirkung hat, aber gerade wegen seiner f\u00fcr die Kosmetik n\u00fctzlichen organoleptischen Eigenschaften leicht ranzig wird, weshalb es so gut wie m\u00f6glich aufbewahrt werden sollte: vor Licht, W\u00e4rmequellen und Luft (den Deckel nach Gebrauch fest verschlie\u00dfen).  <\/span><\/p>\n<p><span data-sheets-value=\"{\"1\":2,\"2\":\"Viene estratto dai semi di Linum usitassimum ed \u00e8 molto ricco, a differenza degli altri oli vegetali, di acido linoleico, il capostipite degli omega 3. L'olio di semi di Lino \u00e8 utile in caso di pelle secca o squamosa, smagliature e psoriasi ma anche pelle grassa e acne. E' famoso per il suo utilizzo sui capelli che nutre e protegge donando loro lucentezza (passate con delicatezza qualche goccia di olio sulle punte dei capelli sfregando delicatamente). E' un olio che ha un ottimo effetto antiossidante ma, proprio per le sue caratteristiche organolettiche utili in cosmetica, irrancidisce facilmente, \u00e8 quindi opportuno conservarlo al meglio: lontano da luce, fonti di calore e aria (chiudere bene il tappo dopo l'uso). Da usare sulla pelle secca, squamosa, grassa, acne, psoriasi, eczemi, smagliature, cicatrici in generale, capelli.\"}\" data-sheets-userformat=\"{\"2\":15297,\"3\":{\"1\":0},\"9\":0,\"10\":2,\"11\":0,\"12\":0,\"14\":{\"1\":2,\"2\":0},\"15\":\"Calibri\",\"16\":11}\">Anwendung bei trockener, schuppiger, fettiger Haut, Akne, Schuppenflechte, Ekzemen, Dehnungsstreifen, Narben im Allgemeinen, Haaren.<\/span><\/p>\n","protected":false},"excerpt":{"rendered":"<p>\u00d6l, das sowohl f\u00fcr den K\u00f6rper als auch f\u00fcr die Haare verwendet werden kann.<\/p>\n","protected":false},"featured_media":37663,"template":"","meta":{"_acf_changed":false},"product_brand":[],"product_cat":[12985,12988,1495,12980],"product_tag":[4732,4762,470,471,2192,4765,4764],"class_list":{"0":"post-37896","1":"product","2":"type-product","3":"status-publish","4":"has-post-thumbnail","6":"product_cat-body","7":"product_cat-gesicht","8":"product_cat-kosmetik","9":"product_cat-mikrokosmos","10":"product_tag-gemuse","11":"product_tag-glanzen","12":"product_tag-linoleum","13":"product_tag-nahrhaft","14":"product_tag-ol-de","15":"product_tag-samen","16":"product_tag-samenol","17":"pa_formato-100ml-de","18":"pa_formato-500ml-de","20":"first","21":"instock","22":"taxable","23":"shipping-taxable","24":"purchasable","25":"product-type-variable","26":"has-default-attributes"},"acf":[],"jetpack_sharing_enabled":true,"_links":{"self":[{"href":"https:\/\/cndestetik.ch\/de\/wp-json\/wp\/v2\/product\/37896","targetHints":{"allow":["GET"]}}],"collection":[{"href":"https:\/\/cndestetik.ch\/de\/wp-json\/wp\/v2\/product"}],"about":[{"href":"https:\/\/cndestetik.ch\/de\/wp-json\/wp\/v2\/types\/product"}],"wp:featuredmedia":[{"embeddable":true,"href":"https:\/\/cndestetik.ch\/de\/wp-json\/wp\/v2\/media\/37663"}],"wp:attachment":[{"href":"https:\/\/cndestetik.ch\/de\/wp-json\/wp\/v2\/media?parent=37896"}],"wp:term":[{"taxonomy":"product_brand","embeddable":true,"href":"https:\/\/cndestetik.ch\/de\/wp-json\/wp\/v2\/product_brand?post=37896"},{"taxonomy":"product_cat","embeddable":true,"href":"https:\/\/cndestetik.ch\/de\/wp-json\/wp\/v2\/product_cat?post=37896"},{"taxonomy":"product_tag","embeddable":true,"href":"https:\/\/cndestetik.ch\/de\/wp-json\/wp\/v2\/product_tag?post=37896"}],"curies":[{"name":"wp","href":"https:\/\/api.w.org\/{rel}","templated":true}]}}