{"id":37893,"date":"2020-10-15T11:38:13","date_gmt":"2020-10-15T09:38:13","guid":{"rendered":"https:\/\/ticinoweb01.jcloud.ik-server.com\/cndestetik\/prodotto\/hagebuttenoel\/"},"modified":"2025-01-24T08:18:35","modified_gmt":"2025-01-24T07:18:35","slug":"rosenol-mosqueta","status":"publish","type":"product","link":"https:\/\/cndestetik.ch\/de\/prodotto\/rosenol-mosqueta\/","title":{"rendered":"Hagebutten\u00f6l"},"content":{"rendered":"<p>Seine Eigenschaften beruhen auf dem hohen Gehalt an essentiellen Fetts\u00e4uren mit stimulierenden und reparierenden Eigenschaften f\u00fcr die physiologischen Prozesse der Haut.<\/p>\n<p>Es wird zur Faltenreduzierung, als Feuchtigkeitsspender und zur Behandlung von Wunden und Sch\u00fcrfwunden verwendet. Es eignet sich hervorragend als Zellregenerator und zur Vorbeugung der \u00e4u\u00dferen Zeichen der Hautalterung.<\/p>\n<p>Es kann auch zur Behandlung von trockenem, br\u00fcchigem Haar und br\u00fcchigen, stumpfen N\u00e4geln verwendet werden.<\/p>\n<p>Gr\u00f6\u00dfe: 50ml<\/p>\n","protected":false},"excerpt":{"rendered":"<p>Reduziert Falten und spendet Feuchtigkeit.<\/p>\n","protected":false},"featured_media":37660,"template":"","meta":{"_acf_changed":false},"product_brand":[],"product_cat":[12985,12988,1495,12980],"product_tag":[3978,7087,2192,456,548],"class_list":{"0":"post-37893","1":"product","2":"type-product","3":"status-publish","4":"has-post-thumbnail","6":"product_cat-body","7":"product_cat-gesicht","8":"product_cat-kosmetik","9":"product_cat-mikrokosmos","10":"product_tag-falten","11":"product_tag-mosqueta-de","12":"product_tag-ol-de","13":"product_tag-regenerierend","14":"product_tag-rose-de","16":"first","17":"instock","18":"taxable","19":"shipping-taxable","20":"purchasable","21":"product-type-simple"},"acf":[],"jetpack_sharing_enabled":true,"_links":{"self":[{"href":"https:\/\/cndestetik.ch\/de\/wp-json\/wp\/v2\/product\/37893","targetHints":{"allow":["GET"]}}],"collection":[{"href":"https:\/\/cndestetik.ch\/de\/wp-json\/wp\/v2\/product"}],"about":[{"href":"https:\/\/cndestetik.ch\/de\/wp-json\/wp\/v2\/types\/product"}],"wp:featuredmedia":[{"embeddable":true,"href":"https:\/\/cndestetik.ch\/de\/wp-json\/wp\/v2\/media\/37660"}],"wp:attachment":[{"href":"https:\/\/cndestetik.ch\/de\/wp-json\/wp\/v2\/media?parent=37893"}],"wp:term":[{"taxonomy":"product_brand","embeddable":true,"href":"https:\/\/cndestetik.ch\/de\/wp-json\/wp\/v2\/product_brand?post=37893"},{"taxonomy":"product_cat","embeddable":true,"href":"https:\/\/cndestetik.ch\/de\/wp-json\/wp\/v2\/product_cat?post=37893"},{"taxonomy":"product_tag","embeddable":true,"href":"https:\/\/cndestetik.ch\/de\/wp-json\/wp\/v2\/product_tag?post=37893"}],"curies":[{"name":"wp","href":"https:\/\/api.w.org\/{rel}","templated":true}]}}