{"id":37887,"date":"2020-10-15T11:38:00","date_gmt":"2020-10-15T09:38:00","guid":{"rendered":"https:\/\/ticinoweb01.jcloud.ik-server.com\/cndestetik\/prodotto\/jojobaoel\/"},"modified":"2025-01-24T08:17:16","modified_gmt":"2025-01-24T07:17:16","slug":"jojoba-ol","status":"publish","type":"product","link":"https:\/\/cndestetik.ch\/de\/prodotto\/jojoba-ol\/","title":{"rendered":"Jojoba\u00f6l"},"content":{"rendered":"<p><span data-sheets-value=\"{\"1\":2,\"2\":\"Deriva dalla spremitura dei semi della Simmondsia chinensis, una pianta che cresce in centro e nord America. I nativi americani lo usano da secoli per lenire le irritazioni dei tessuti e le infiammazioni delle mucose. E' pi\u00f9 corretto chiamarlo cera liquida; infatti non contiene trigliceridi ma \u00e8 ricco di grassi insaturi, esteri cerosi, vitamina E, vitamine del gruppo B e numerosi minerali. Stabile al calore ed all'irrancimento. La struttura dei suoi lipidi lo rende molto simile al sebo umano e per questo si dispone facilmente tra le cellule dell'epidermide, viene assorbito portando nutrimento, sostenendo l'equilibrio del PH cutaneo, proteggendo la pelle e veicolando le sostanze con le quali viene miscelato. La presenza di molti antiossidanti gli permette di preservare la pelle dall'invecchiamento (ottimo anche per il contorno occhi e decolt\u00e8), mentre la sua capacit\u00e0 di penetrazione gli permette di ammorbidire i punti neri stimolandone l'uscita durante la spremitura. Ottimo per prevenire irritazioni e ripristinare il film idrolipidico che pu\u00f2 venire a mancare con l'uso di detergenti aggressivi, lampade solari o poca idratazione cutanea. Pu\u00f2 essere usato anche per nutrire e illuminare i capelli e per regolarizzare la produzione di sebo del cuoio capelluto. E' ottimo come doposole e sulle piccole scottature. Aiuta la pelle a rigenerarsi ed \u00e8 quindi indicato per rivitalizzare e rendere setosa la pelle, per prevenire le smagliature e per lenire problematiche quali psoriasi, desquamazioni, acne, prurito ed eczemi. Sui bimbi si pu\u00f2 applicare come olio dopo il bagnetto su tutto il corpo e nel cambio pannolino per evitare arrossamenti della pelle. Da usare su tutti i tipi di pelle, in particolare quelle invecchiate, secche, infiammate e sensibili, soggette ad acne, dermatiti, pelli con eccesso di sebo (cuoio capelluto e capelli grassi); speciale sulle punte dei capelli secchi e sfibrati; ottimo per mantenere l'abbronzatura.\"}\" data-sheets-userformat=\"{\"2\":15297,\"3\":{\"1\":0},\"9\":0,\"10\":2,\"11\":0,\"12\":0,\"14\":{\"1\":2,\"2\":0},\"15\":\"Calibri\",\"16\":11}\">Es wird durch Pressen der Samen von Simmondsia chinensis gewonnen, einer Pflanze, die in Mittel- und Nordamerika w\u00e4chst. Die amerikanischen Ureinwohner verwenden es seit Jahrhunderten, um Gewebereizungen und Entz\u00fcndungen der Schleimh\u00e4ute zu lindern. Richtiger ist es, es als Fl\u00fcssigwachs zu bezeichnen; es enth\u00e4lt keine Triglyceride, ist aber reich an unges\u00e4ttigten Fetten, Wachsestern, Vitamin E, B-Vitaminen und zahlreichen Mineralien. Stabil gegen Hitze und Schrumpfung. Aufgrund seiner Lipidstruktur ist es dem menschlichen Talg sehr \u00e4hnlich, weshalb es sich leicht zwischen den Zellen der Epidermis anordnen kann, absorbiert wird, N\u00e4hrstoffe liefert, das PH-Gleichgewicht der Haut unterst\u00fctzt, die Haut sch\u00fctzt und die Stoffe, mit denen es vermischt ist, weiterleitet.  <\/span><\/p>\n<p><span data-sheets-value=\"{\"1\":2,\"2\":\"Deriva dalla spremitura dei semi della Simmondsia chinensis, una pianta che cresce in centro e nord America. I nativi americani lo usano da secoli per lenire le irritazioni dei tessuti e le infiammazioni delle mucose. E' pi\u00f9 corretto chiamarlo cera liquida; infatti non contiene trigliceridi ma \u00e8 ricco di grassi insaturi, esteri cerosi, vitamina E, vitamine del gruppo B e numerosi minerali. Stabile al calore ed all'irrancimento. La struttura dei suoi lipidi lo rende molto simile al sebo umano e per questo si dispone facilmente tra le cellule dell'epidermide, viene assorbito portando nutrimento, sostenendo l'equilibrio del PH cutaneo, proteggendo la pelle e veicolando le sostanze con le quali viene miscelato. La presenza di molti antiossidanti gli permette di preservare la pelle dall'invecchiamento (ottimo anche per il contorno occhi e decolt\u00e8), mentre la sua capacit\u00e0 di penetrazione gli permette di ammorbidire i punti neri stimolandone l'uscita durante la spremitura. Ottimo per prevenire irritazioni e ripristinare il film idrolipidico che pu\u00f2 venire a mancare con l'uso di detergenti aggressivi, lampade solari o poca idratazione cutanea. Pu\u00f2 essere usato anche per nutrire e illuminare i capelli e per regolarizzare la produzione di sebo del cuoio capelluto. E' ottimo come doposole e sulle piccole scottature. Aiuta la pelle a rigenerarsi ed \u00e8 quindi indicato per rivitalizzare e rendere setosa la pelle, per prevenire le smagliature e per lenire problematiche quali psoriasi, desquamazioni, acne, prurito ed eczemi. Sui bimbi si pu\u00f2 applicare come olio dopo il bagnetto su tutto il corpo e nel cambio pannolino per evitare arrossamenti della pelle. Da usare su tutti i tipi di pelle, in particolare quelle invecchiate, secche, infiammate e sensibili, soggette ad acne, dermatiti, pelli con eccesso di sebo (cuoio capelluto e capelli grassi); speciale sulle punte dei capelli secchi e sfibrati; ottimo per mantenere l'abbronzatura.\"}\" data-sheets-userformat=\"{\"2\":15297,\"3\":{\"1\":0},\"9\":0,\"10\":2,\"11\":0,\"12\":0,\"14\":{\"1\":2,\"2\":0},\"15\":\"Calibri\",\"16\":11}\">Dank seiner zahlreichen Antioxidantien sch\u00fctzt es die Haut vor Alterung (auch hervorragend f\u00fcr die Augenpartie und das Dekollet\u00e9 geeignet), w\u00e4hrend es dank seiner Penetrationskraft Mitesser aufweichen kann, indem es ihren Austritt beim Ausdr\u00fccken stimuliert. Hervorragend geeignet, um Irritationen vorzubeugen und den Hydrolipidfilm wiederherzustellen, der durch den Gebrauch von scharfen Reinigungsmitteln, Sonnenstrahlen oder mangelnde Hautfeuchtigkeit verloren gehen kann. Es kann auch verwendet werden, um das Haar zu n\u00e4hren und aufzuhellen und um die Talgproduktion der Kopfhaut zu regulieren. Es eignet sich hervorragend als After-Sun-Mittel und bei leichten Sonnenbr\u00e4nden. Es unterst\u00fctzt die Regeneration der Haut und eignet sich daher zur Revitalisierung und Geschmeidigkeit der Haut, zur Vorbeugung von Dehnungsstreifen und zur Linderung von Problemen wie Schuppenflechte, Schuppung, Akne, Juckreiz und Ekzemen. Bei Babys kann es als \u00d6l nach dem Baden auf den ganzen K\u00f6rper und beim Windelwechsel aufgetragen werden, um Hautr\u00f6tungen zu vermeiden.  <\/span><\/p>\n<p><span data-sheets-value=\"{\"1\":2,\"2\":\"Deriva dalla spremitura dei semi della Simmondsia chinensis, una pianta che cresce in centro e nord America. I nativi americani lo usano da secoli per lenire le irritazioni dei tessuti e le infiammazioni delle mucose. E' pi\u00f9 corretto chiamarlo cera liquida; infatti non contiene trigliceridi ma \u00e8 ricco di grassi insaturi, esteri cerosi, vitamina E, vitamine del gruppo B e numerosi minerali. Stabile al calore ed all'irrancimento. La struttura dei suoi lipidi lo rende molto simile al sebo umano e per questo si dispone facilmente tra le cellule dell'epidermide, viene assorbito portando nutrimento, sostenendo l'equilibrio del PH cutaneo, proteggendo la pelle e veicolando le sostanze con le quali viene miscelato. La presenza di molti antiossidanti gli permette di preservare la pelle dall'invecchiamento (ottimo anche per il contorno occhi e decolt\u00e8), mentre la sua capacit\u00e0 di penetrazione gli permette di ammorbidire i punti neri stimolandone l'uscita durante la spremitura. Ottimo per prevenire irritazioni e ripristinare il film idrolipidico che pu\u00f2 venire a mancare con l'uso di detergenti aggressivi, lampade solari o poca idratazione cutanea. Pu\u00f2 essere usato anche per nutrire e illuminare i capelli e per regolarizzare la produzione di sebo del cuoio capelluto. E' ottimo come doposole e sulle piccole scottature. Aiuta la pelle a rigenerarsi ed \u00e8 quindi indicato per rivitalizzare e rendere setosa la pelle, per prevenire le smagliature e per lenire problematiche quali psoriasi, desquamazioni, acne, prurito ed eczemi. Sui bimbi si pu\u00f2 applicare come olio dopo il bagnetto su tutto il corpo e nel cambio pannolino per evitare arrossamenti della pelle. Da usare su tutti i tipi di pelle, in particolare quelle invecchiate, secche, infiammate e sensibili, soggette ad acne, dermatiti, pelli con eccesso di sebo (cuoio capelluto e capelli grassi); speciale sulle punte dei capelli secchi e sfibrati; ottimo per mantenere l'abbronzatura.\"}\" data-sheets-userformat=\"{\"2\":15297,\"3\":{\"1\":0},\"9\":0,\"10\":2,\"11\":0,\"12\":0,\"14\":{\"1\":2,\"2\":0},\"15\":\"Calibri\",\"16\":11}\">F\u00fcr alle Hauttypen, insbesondere f\u00fcr alternde, trockene, entz\u00fcndete und empfindliche Haut, f\u00fcr zu Akne und Dermatitis neigende Haut, f\u00fcr Haut mit Talg\u00fcberschuss (Kopfhaut und fettiges Haar); speziell f\u00fcr trockene und spr\u00f6de Haarspitzen; hervorragend zur Erhaltung der Br\u00e4une.<\/span><\/p>\n","protected":false},"excerpt":{"rendered":"<p>Jojoba-Pflanzen\u00f6l, erh\u00e4ltlich in zwei verschiedenen Formaten.<\/p>\n","protected":false},"featured_media":37669,"template":"","meta":{"_acf_changed":false},"product_brand":[],"product_cat":[12985,12988,1895,1495,12980,9904],"product_tag":[4732,455,2192,456,457],"class_list":{"0":"post-37887","1":"product","2":"type-product","3":"status-publish","4":"has-post-thumbnail","6":"product_cat-body","7":"product_cat-gesicht","8":"product_cat-kinder","9":"product_cat-kosmetik","10":"product_cat-mikrokosmos","11":"product_cat-pink-bird","12":"product_tag-gemuse","13":"product_tag-jojoba-de","14":"product_tag-ol-de","15":"product_tag-regenerierend","16":"product_tag-vitamine-de","17":"pa_formato-100ml-de","18":"pa_formato-50ml-de","20":"first","21":"instock","22":"taxable","23":"shipping-taxable","24":"purchasable","25":"product-type-variable","26":"has-default-attributes"},"acf":[],"jetpack_sharing_enabled":true,"_links":{"self":[{"href":"https:\/\/cndestetik.ch\/de\/wp-json\/wp\/v2\/product\/37887","targetHints":{"allow":["GET"]}}],"collection":[{"href":"https:\/\/cndestetik.ch\/de\/wp-json\/wp\/v2\/product"}],"about":[{"href":"https:\/\/cndestetik.ch\/de\/wp-json\/wp\/v2\/types\/product"}],"wp:featuredmedia":[{"embeddable":true,"href":"https:\/\/cndestetik.ch\/de\/wp-json\/wp\/v2\/media\/37669"}],"wp:attachment":[{"href":"https:\/\/cndestetik.ch\/de\/wp-json\/wp\/v2\/media?parent=37887"}],"wp:term":[{"taxonomy":"product_brand","embeddable":true,"href":"https:\/\/cndestetik.ch\/de\/wp-json\/wp\/v2\/product_brand?post=37887"},{"taxonomy":"product_cat","embeddable":true,"href":"https:\/\/cndestetik.ch\/de\/wp-json\/wp\/v2\/product_cat?post=37887"},{"taxonomy":"product_tag","embeddable":true,"href":"https:\/\/cndestetik.ch\/de\/wp-json\/wp\/v2\/product_tag?post=37887"}],"curies":[{"name":"wp","href":"https:\/\/api.w.org\/{rel}","templated":true}]}}