{"id":37884,"date":"2020-10-15T11:37:53","date_gmt":"2020-10-15T09:37:53","guid":{"rendered":"https:\/\/ticinoweb01.jcloud.ik-server.com\/cndestetik\/prodotto\/reinigungsmilch\/"},"modified":"2025-01-23T09:55:18","modified_gmt":"2025-01-23T08:55:18","slug":"reinigungsmilch","status":"publish","type":"product","link":"https:\/\/cndestetik.ch\/de\/prodotto\/reinigungsmilch\/","title":{"rendered":"Reinigungsmilch"},"content":{"rendered":"<p><span data-sheets-value=\"{\"1\":2,\"2\":\"Contiene Acido Ialuronico ed Estratto Spagirico di Calendula. Svolge un'accurata azione di pulizia del derma. Adatto a tutti i tipi di pelle, da quelle secche o molto delicate a quelle pi\u00f9 mature e spesse. Ottimo come struccante per viso e occhi.\"}\" data-sheets-userformat=\"{\"2\":15297,\"3\":{\"1\":0},\"9\":0,\"10\":2,\"11\":0,\"12\":0,\"14\":{\"1\":2,\"2\":0},\"15\":\"Calibri\",\"16\":11}\">Enth\u00e4lt Hyalurons\u00e4ure und spagyrischen Ringelblumenextrakt. Es f\u00fchrt eine gr\u00fcndliche Reinigung der Dermis durch.  <\/span><\/p>\n<p><span data-sheets-value=\"{\"1\":2,\"2\":\"Contiene Acido Ialuronico ed Estratto Spagirico di Calendula. Svolge un'accurata azione di pulizia del derma. Adatto a tutti i tipi di pelle, da quelle secche o molto delicate a quelle pi\u00f9 mature e spesse. Ottimo come struccante per viso e occhi.\"}\" data-sheets-userformat=\"{\"2\":15297,\"3\":{\"1\":0},\"9\":0,\"10\":2,\"11\":0,\"12\":0,\"14\":{\"1\":2,\"2\":0},\"15\":\"Calibri\",\"16\":11}\">Geeignet f\u00fcr alle Hauttypen, von trockener oder sehr empfindlicher bis hin zu reifer und dicker Haut. Hervorragend geeignet als Make-up-Entferner f\u00fcr Gesicht und Augen.<\/span><\/p>\n","protected":false},"excerpt":{"rendered":"<p>Es reinigt alle Hauttypen gr\u00fcndlich. Erh\u00e4ltlich in zwei verschiedenen Formaten.<\/p>\n","protected":false},"featured_media":37675,"template":"","meta":{"_acf_changed":false},"product_brand":[],"product_cat":[12988,1495,12980,9904],"product_tag":[4134,4731,447,434,4637],"class_list":{"0":"post-37884","1":"product","2":"type-product","3":"status-publish","4":"has-post-thumbnail","6":"product_cat-gesicht","7":"product_cat-kosmetik","8":"product_cat-mikrokosmos","9":"product_cat-pink-bird","10":"product_tag-milch","11":"product_tag-reinigungsmilch","12":"product_tag-ringelblume","13":"product_tag-spagyrik","14":"product_tag-waschmittel","15":"pa_formato-100ml-de","16":"pa_formato-500ml-de","18":"first","19":"instock","20":"taxable","21":"shipping-taxable","22":"purchasable","23":"product-type-variable","24":"has-default-attributes"},"acf":[],"jetpack_sharing_enabled":true,"_links":{"self":[{"href":"https:\/\/cndestetik.ch\/de\/wp-json\/wp\/v2\/product\/37884","targetHints":{"allow":["GET"]}}],"collection":[{"href":"https:\/\/cndestetik.ch\/de\/wp-json\/wp\/v2\/product"}],"about":[{"href":"https:\/\/cndestetik.ch\/de\/wp-json\/wp\/v2\/types\/product"}],"wp:featuredmedia":[{"embeddable":true,"href":"https:\/\/cndestetik.ch\/de\/wp-json\/wp\/v2\/media\/37675"}],"wp:attachment":[{"href":"https:\/\/cndestetik.ch\/de\/wp-json\/wp\/v2\/media?parent=37884"}],"wp:term":[{"taxonomy":"product_brand","embeddable":true,"href":"https:\/\/cndestetik.ch\/de\/wp-json\/wp\/v2\/product_brand?post=37884"},{"taxonomy":"product_cat","embeddable":true,"href":"https:\/\/cndestetik.ch\/de\/wp-json\/wp\/v2\/product_cat?post=37884"},{"taxonomy":"product_tag","embeddable":true,"href":"https:\/\/cndestetik.ch\/de\/wp-json\/wp\/v2\/product_tag?post=37884"}],"curies":[{"name":"wp","href":"https:\/\/api.w.org\/{rel}","templated":true}]}}