{"id":37883,"date":"2020-10-15T11:37:56","date_gmt":"2020-10-15T09:37:56","guid":{"rendered":"https:\/\/ticinoweb01.jcloud.ik-server.com\/cndestetik\/prodotto\/peeling-gesichtspeeling\/"},"modified":"2025-01-24T08:17:10","modified_gmt":"2025-01-24T07:17:10","slug":"peeling-gesichtspeeling","status":"publish","type":"product","link":"https:\/\/cndestetik.ch\/de\/prodotto\/peeling-gesichtspeeling\/","title":{"rendered":"Peeling-Gesichtspeeling"},"content":{"rendered":"<p><span data-sheets-value=\"{\"1\":2,\"2\":\"Contiene Acido Ialuronico ed Estratto Spagirico di Mirtillo. Una formula innovativa arricchita di microsferule di Nocciolo di Albicocca. E' un esfoliante meccanico poich\u00e8 necessita di movimenti sgommanti per l'eliminazione delle cellule morte e delle impurit\u00e0. Grazie all'azione dermopurificante del caolino permette una profonda pulizia della cute. L'estratto spagirico di Mirtillo aiuta a stimolare e protegge la microcircolazione sottocutanea e a donare luminosit\u00e0 al viso.\"}\" data-sheets-userformat=\"{\"2\":15297,\"3\":{\"1\":0},\"9\":0,\"10\":2,\"11\":0,\"12\":0,\"14\":{\"1\":2,\"2\":0},\"15\":\"Calibri\",\"16\":11}\">Enth\u00e4lt Hyalurons\u00e4ure und spagyrischen Heidelbeerextrakt. Eine innovative Formel, angereichert mit Mikrok\u00fcgelchen aus Aprikosenkernen. Es handelt sich um ein mechanisches Peeling, da es schrubbende Bewegungen erfordert, um abgestorbene Zellen und Verunreinigungen zu entfernen.  <\/span><\/p>\n<p><span data-sheets-value=\"{\"1\":2,\"2\":\"Contiene Acido Ialuronico ed Estratto Spagirico di Mirtillo. Una formula innovativa arricchita di microsferule di Nocciolo di Albicocca. E' un esfoliante meccanico poich\u00e8 necessita di movimenti sgommanti per l'eliminazione delle cellule morte e delle impurit\u00e0. Grazie all'azione dermopurificante del caolino permette una profonda pulizia della cute. L'estratto spagirico di Mirtillo aiuta a stimolare e protegge la microcircolazione sottocutanea e a donare luminosit\u00e0 al viso.\"}\" data-sheets-userformat=\"{\"2\":15297,\"3\":{\"1\":0},\"9\":0,\"10\":2,\"11\":0,\"12\":0,\"14\":{\"1\":2,\"2\":0},\"15\":\"Calibri\",\"16\":11}\">Dank der dermopurifizierenden Wirkung von Kaolin erm\u00f6glicht es eine Tiefenreinigung der Haut. Der spagyrische Extrakt der Heidelbeere hilft, die subkutane Mikrozirkulation zu stimulieren und zu sch\u00fctzen und verleiht dem Gesicht Ausstrahlung.<\/span><\/p>\n","protected":false},"excerpt":{"rendered":"<p>Reinigt die Haut gr\u00fcndlich und verleiht dem Gesicht ein strahlendes Aussehen.<\/p>\n","protected":false},"featured_media":37672,"template":"","meta":{"_acf_changed":false},"product_brand":[],"product_cat":[12988,1495,12980],"product_tag":[4727,443,757,429,4735,4730,4733],"class_list":{"0":"post-37883","1":"product","2":"type-product","3":"status-publish","4":"has-post-thumbnail","6":"product_cat-gesicht","7":"product_cat-kosmetik","8":"product_cat-mikrokosmos","9":"product_tag-aprikose","10":"product_tag-blaubeere","11":"product_tag-gesicht","12":"product_tag-kaolin","13":"product_tag-kernel","14":"product_tag-peeling-de","15":"product_tag-schrubben","16":"pa_formato-100ml-de","17":"pa_formato-500ml-de","19":"first","20":"instock","21":"taxable","22":"shipping-taxable","23":"purchasable","24":"product-type-variable","25":"has-default-attributes"},"acf":[],"jetpack_sharing_enabled":true,"_links":{"self":[{"href":"https:\/\/cndestetik.ch\/de\/wp-json\/wp\/v2\/product\/37883","targetHints":{"allow":["GET"]}}],"collection":[{"href":"https:\/\/cndestetik.ch\/de\/wp-json\/wp\/v2\/product"}],"about":[{"href":"https:\/\/cndestetik.ch\/de\/wp-json\/wp\/v2\/types\/product"}],"wp:featuredmedia":[{"embeddable":true,"href":"https:\/\/cndestetik.ch\/de\/wp-json\/wp\/v2\/media\/37672"}],"wp:attachment":[{"href":"https:\/\/cndestetik.ch\/de\/wp-json\/wp\/v2\/media?parent=37883"}],"wp:term":[{"taxonomy":"product_brand","embeddable":true,"href":"https:\/\/cndestetik.ch\/de\/wp-json\/wp\/v2\/product_brand?post=37883"},{"taxonomy":"product_cat","embeddable":true,"href":"https:\/\/cndestetik.ch\/de\/wp-json\/wp\/v2\/product_cat?post=37883"},{"taxonomy":"product_tag","embeddable":true,"href":"https:\/\/cndestetik.ch\/de\/wp-json\/wp\/v2\/product_tag?post=37883"}],"curies":[{"name":"wp","href":"https:\/\/api.w.org\/{rel}","templated":true}]}}