{"id":37877,"date":"2020-10-15T11:37:49","date_gmt":"2020-10-15T09:37:49","guid":{"rendered":"https:\/\/ticinoweb01.jcloud.ik-server.com\/cndestetik\/prodotto\/gesichtsmaske-mit-sheabutter\/"},"modified":"2025-01-23T09:55:14","modified_gmt":"2025-01-23T08:55:14","slug":"karit-gesichtsmaske","status":"publish","type":"product","link":"https:\/\/cndestetik.ch\/de\/prodotto\/karit-gesichtsmaske\/","title":{"rendered":"Gesichtsmaske mit Sheabutter"},"content":{"rendered":"<p><span data-sheets-value=\"{\"1\":2,\"2\":\"Con burro di Karit\u00e8 e Caolino. E' la maschera base Microcosmo; la sua formulazione con burro di Karit\u00e8 e Argilla Bianca la rende estremamente nutriente ed elasticizzata oltre che purificante per il derma. Pu\u00f2 essere impreziosita e personalizzata in base al tipo di pelle o al tipo di trattamento che si vuole svolgere con Oleoliti Spagirici singoli, Oli Essenziali e Idroglicerici mirati.\\n\\nModalita d'uso:\\nDopo un'attenta detersione con latte detergente, gommage e\/o peeling stendere la maschera e lasciare in posa almeno 15 min. prima di sciacquare. Le maschere pi\u00f9 cremose possono essere applicate (quantit\u00e0 adeguata) anche la sera e lasciate in posa tutta la notte per essere sciacquate la mattina.\"}\" data-sheets-userformat=\"{\"2\":15297,\"3\":{\"1\":0},\"9\":0,\"10\":2,\"11\":0,\"12\":0,\"14\":{\"1\":2,\"2\":0},\"15\":\"Calibri\",\"16\":11}\">Mit Sheabutter und Kaolin. Diese Maske ist die Basismaske von Microcosmo. Ihre Formulierung mit Sheabutter und wei\u00dfer Tonerde macht sie zu einer \u00e4u\u00dferst n\u00e4hrenden und elastifizierenden Maske, die gleichzeitig die Haut reinigt. Sie kann je nach Hauttyp oder Art der durchzuf\u00fchrenden Behandlung mit individuellen spagyrischen Oleolithen, \u00e4therischen \u00d6len und gezielten Hydroglyceriden angereichert und individualisiert werden.<\/span><\/p>\n<p>Gebrauchsanweisung: Tragen Sie die Maske nach einer sorgf\u00e4ltigen Reinigung mit Reinigungsmilch, Peeling und\/oder Peeling auf und lassen Sie sie mindestens 15 Minuten einwirken, bevor Sie sie absp\u00fclen. Cremige Masken k\u00f6nnen auch abends in angemessener Menge aufgetragen und \u00fcber Nacht einwirken gelassen werden, um dann morgens abgesp\u00fclt zu werden.<\/p>\n<p>Gr\u00f6\u00dfe: 100ml<\/p>\n","protected":false},"excerpt":{"rendered":"<p>Reinigende Gesichtsmaske mit Sheabutter.<\/p>\n","protected":false},"featured_media":37678,"template":"","meta":{"_acf_changed":false},"product_brand":[],"product_cat":[12988,1495,12980],"product_tag":[757,429,4729,432,434],"class_list":{"0":"post-37877","1":"product","2":"type-product","3":"status-publish","4":"has-post-thumbnail","6":"product_cat-gesicht","7":"product_cat-kosmetik","8":"product_cat-mikrokosmos","9":"product_tag-gesicht","10":"product_tag-kaolin","11":"product_tag-maske-de-2","12":"product_tag-shea","13":"product_tag-spagyrik","15":"first","16":"instock","17":"taxable","18":"shipping-taxable","19":"purchasable","20":"product-type-simple"},"acf":[],"jetpack_sharing_enabled":true,"_links":{"self":[{"href":"https:\/\/cndestetik.ch\/de\/wp-json\/wp\/v2\/product\/37877","targetHints":{"allow":["GET"]}}],"collection":[{"href":"https:\/\/cndestetik.ch\/de\/wp-json\/wp\/v2\/product"}],"about":[{"href":"https:\/\/cndestetik.ch\/de\/wp-json\/wp\/v2\/types\/product"}],"wp:featuredmedia":[{"embeddable":true,"href":"https:\/\/cndestetik.ch\/de\/wp-json\/wp\/v2\/media\/37678"}],"wp:attachment":[{"href":"https:\/\/cndestetik.ch\/de\/wp-json\/wp\/v2\/media?parent=37877"}],"wp:term":[{"taxonomy":"product_brand","embeddable":true,"href":"https:\/\/cndestetik.ch\/de\/wp-json\/wp\/v2\/product_brand?post=37877"},{"taxonomy":"product_cat","embeddable":true,"href":"https:\/\/cndestetik.ch\/de\/wp-json\/wp\/v2\/product_cat?post=37877"},{"taxonomy":"product_tag","embeddable":true,"href":"https:\/\/cndestetik.ch\/de\/wp-json\/wp\/v2\/product_tag?post=37877"}],"curies":[{"name":"wp","href":"https:\/\/api.w.org\/{rel}","templated":true}]}}