{"id":37875,"date":"2020-10-15T11:38:04","date_gmt":"2020-10-15T09:38:04","guid":{"rendered":"https:\/\/ticinoweb01.jcloud.ik-server.com\/cndestetik\/prodotto\/sesamoel\/"},"modified":"2025-01-24T08:17:12","modified_gmt":"2025-01-24T07:17:12","slug":"sesamol","status":"publish","type":"product","link":"https:\/\/cndestetik.ch\/de\/prodotto\/sesamol\/","title":{"rendered":"Sesam\u00f6l"},"content":{"rendered":"<p><span data-sheets-value=\"{\"1\":2,\"2\":\"Ottenuto per spremitura a freddo dei semi della pianta Sesamum indicum. Per uso esterno l'olio di sesamo presenta ottime propriet\u00e0 emollienti, antiossidanti e seborestitutive. E' particolarmente raccomandato per pelli grasse, dalle quali viene assorbito con facilit\u00e0. Anche la medicina ayurvedica accorda grande importanza al sesamo, che viene usato per tutti i tipi di massaggi. Viene indicato anche come protezione solare (fattore di protezione 4). Ha un effetto \"riscaldante\", per questo stimola tutte le funzioni metaboliche del corpo ed \u00e8 adatto a tutti i trattamenti snellenti. Ha anche un effetto tranquilizzante e questo lo rende un ottimo olio per i massaggi ai neonati. Da usare su tutti i tipi di pelle, in particolare quella grassa o con psoriasi\/eczema; come protezione solare (fattore 4); nei trattamenti snellenti; per massaggi ai neonati\"}\" data-sheets-userformat=\"{\"2\":15297,\"3\":{\"1\":0},\"9\":0,\"10\":2,\"11\":0,\"12\":0,\"14\":{\"1\":2,\"2\":0},\"15\":\"Calibri\",\"16\":11}\">Gewonnen durch Kaltpressung der Samen der Sesamum indicum Pflanze. F\u00fcr die \u00e4u\u00dfere Anwendung hat Sesam\u00f6l ausgezeichnete weichmachende, antioxidative und talgauff\u00fcllende Eigenschaften. Sie ist besonders f\u00fcr fettige Haut geeignet, die sie leicht absorbiert. Auch die ayurvedische Medizin misst dem Sesam gro\u00dfe Bedeutung bei, der f\u00fcr alle Arten von Massagen verwendet wird.  <\/span><\/p>\n<p><span data-sheets-value=\"{\"1\":2,\"2\":\"Ottenuto per spremitura a freddo dei semi della pianta Sesamum indicum. Per uso esterno l'olio di sesamo presenta ottime propriet\u00e0 emollienti, antiossidanti e seborestitutive. E' particolarmente raccomandato per pelli grasse, dalle quali viene assorbito con facilit\u00e0. Anche la medicina ayurvedica accorda grande importanza al sesamo, che viene usato per tutti i tipi di massaggi. Viene indicato anche come protezione solare (fattore di protezione 4). Ha un effetto \"riscaldante\", per questo stimola tutte le funzioni metaboliche del corpo ed \u00e8 adatto a tutti i trattamenti snellenti. Ha anche un effetto tranquilizzante e questo lo rende un ottimo olio per i massaggi ai neonati. Da usare su tutti i tipi di pelle, in particolare quella grassa o con psoriasi\/eczema; come protezione solare (fattore 4); nei trattamenti snellenti; per massaggi ai neonati\"}\" data-sheets-userformat=\"{\"2\":15297,\"3\":{\"1\":0},\"9\":0,\"10\":2,\"11\":0,\"12\":0,\"14\":{\"1\":2,\"2\":0},\"15\":\"Calibri\",\"16\":11}\">Es wird auch als Sonnenschutzmittel angegeben (Schutzfaktor 4). Es hat eine &#8220;w\u00e4rmende&#8221; Wirkung, weshalb es alle Stoffwechselfunktionen des K\u00f6rpers anregt und f\u00fcr alle Schlankheitskuren geeignet ist. Au\u00dferdem hat es eine beruhigende Wirkung, was es zu einem hervorragenden \u00d6l f\u00fcr Babymassagen macht.  <\/span><\/p>\n<p><span data-sheets-value=\"{\"1\":2,\"2\":\"Ottenuto per spremitura a freddo dei semi della pianta Sesamum indicum. Per uso esterno l'olio di sesamo presenta ottime propriet\u00e0 emollienti, antiossidanti e seborestitutive. E' particolarmente raccomandato per pelli grasse, dalle quali viene assorbito con facilit\u00e0. Anche la medicina ayurvedica accorda grande importanza al sesamo, che viene usato per tutti i tipi di massaggi. Viene indicato anche come protezione solare (fattore di protezione 4). Ha un effetto \"riscaldante\", per questo stimola tutte le funzioni metaboliche del corpo ed \u00e8 adatto a tutti i trattamenti snellenti. Ha anche un effetto tranquilizzante e questo lo rende un ottimo olio per i massaggi ai neonati. Da usare su tutti i tipi di pelle, in particolare quella grassa o con psoriasi\/eczema; come protezione solare (fattore 4); nei trattamenti snellenti; per massaggi ai neonati\"}\" data-sheets-userformat=\"{\"2\":15297,\"3\":{\"1\":0},\"9\":0,\"10\":2,\"11\":0,\"12\":0,\"14\":{\"1\":2,\"2\":0},\"15\":\"Calibri\",\"16\":11}\">F\u00fcr alle Hauttypen, insbesondere f\u00fcr fettige Haut oder Haut mit Psoriasis\/Ekzemen; als Sonnenschutz (Faktor 4); bei Schlankheitskuren; f\u00fcr Babymassagen<\/span><\/p>\n","protected":false},"excerpt":{"rendered":"<p>Sesam-Pflanzen\u00f6l, erh\u00e4ltlich in zwei verschiedenen Gr\u00f6\u00dfen.<\/p>\n","protected":false},"featured_media":37666,"template":"","meta":{"_acf_changed":false},"product_brand":[],"product_cat":[12985,12988,1495,12980,9904],"product_tag":[4732,2192,4065,425,4111,4128,426],"class_list":{"0":"post-37875","1":"product","2":"type-product","3":"status-publish","4":"has-post-thumbnail","6":"product_cat-body","7":"product_cat-gesicht","8":"product_cat-kosmetik","9":"product_cat-mikrokosmos","10":"product_cat-pink-bird","11":"product_tag-gemuse","12":"product_tag-ol-de","13":"product_tag-schutz","14":"product_tag-sesam","15":"product_tag-solar-de","16":"product_tag-sonnenschutzmittel","17":"product_tag-spf4-de","18":"pa_formato-100ml-de","19":"pa_formato-2-stuck-von-500-ml","20":"pa_formato-500ml-de","22":"first","23":"instock","24":"sale","25":"taxable","26":"shipping-taxable","27":"purchasable","28":"product-type-variable"},"acf":[],"jetpack_sharing_enabled":true,"_links":{"self":[{"href":"https:\/\/cndestetik.ch\/de\/wp-json\/wp\/v2\/product\/37875","targetHints":{"allow":["GET"]}}],"collection":[{"href":"https:\/\/cndestetik.ch\/de\/wp-json\/wp\/v2\/product"}],"about":[{"href":"https:\/\/cndestetik.ch\/de\/wp-json\/wp\/v2\/types\/product"}],"wp:featuredmedia":[{"embeddable":true,"href":"https:\/\/cndestetik.ch\/de\/wp-json\/wp\/v2\/media\/37666"}],"wp:attachment":[{"href":"https:\/\/cndestetik.ch\/de\/wp-json\/wp\/v2\/media?parent=37875"}],"wp:term":[{"taxonomy":"product_brand","embeddable":true,"href":"https:\/\/cndestetik.ch\/de\/wp-json\/wp\/v2\/product_brand?post=37875"},{"taxonomy":"product_cat","embeddable":true,"href":"https:\/\/cndestetik.ch\/de\/wp-json\/wp\/v2\/product_cat?post=37875"},{"taxonomy":"product_tag","embeddable":true,"href":"https:\/\/cndestetik.ch\/de\/wp-json\/wp\/v2\/product_tag?post=37875"}],"curies":[{"name":"wp","href":"https:\/\/api.w.org\/{rel}","templated":true}]}}